{"id":187,"date":"2021-05-04T11:55:11","date_gmt":"2021-05-04T09:55:11","guid":{"rendered":"http:\/\/rescue-normandie-formation.fr\/?page_id=187"},"modified":"2023-07-29T17:30:01","modified_gmt":"2023-07-29T15:30:01","slug":"reglement-interieur","status":"publish","type":"page","link":"https:\/\/rescue-normandie-formation.fr\/?page_id=187","title":{"rendered":"R\u00e8glement int\u00e9rieur"},"content":{"rendered":"\n<p>Le pr\u00e9sent r\u00e8glement est applicable aux participants de la formation continue, il pr\u00e9cise les droits et les devoirs de chacun et est port\u00e9 \u00e0 la connaissance de chaque participant au d\u00e9but de sa formation<\/p>\n\n\n\n<p><strong>Droits des participants&nbsp;:<\/strong><\/p>\n\n\n\n<p>Rescue Normandie Formation s\u2019engage \u00e0 donner au participant, la formation conforme aux indications contenues dans la fiche descriptive de la formation ou dans la convention conclue avec le financeur.<\/p>\n\n\n\n<p>Rescue Normandie Formation veille \u00e0 l\u2019inscription du participant sur le logiciel FORPREV pour les formations certifiantes par le r\u00e9seau pr\u00e9vention<\/p>\n\n\n\n<p>Une attestation de formation et une attestation des acquis de la formation seront d\u00e9livr\u00e9es en fin de formation<\/p>\n\n\n\n<p>Au cas o\u00f9 le participant quitte la formation avant le terme pr\u00e9vu, il lui est remis, \u00e0 sa demande, une attestation de pr\u00e9sence attestant la p\u00e9riode pendant laquelle l\u2019int\u00e9ress\u00e9 a suivi la formation<\/p>\n\n\n\n<p>Le participant peut faire sur la feuille questionnaire de fin de formation (\u00e9valuation de la qualit\u00e9 de la formation et des acquis) toutes observations sur la formation<\/p>\n\n\n\n<p>Le participant peut \u00e0 tout moment demander au formateur.trice une fiche d\u2019\u00e9valuation qualit\u00e9 et d\u2019incident durant la formation et la transmettre au responsable des formations<\/p>\n\n\n\n<p><strong>Devoirs des participants&nbsp;:<\/strong><\/p>\n\n\n\n<p><strong>Mesures g\u00e9n\u00e9rales&nbsp;:<\/strong> Il est demand\u00e9 aux participants de respecter les lieux et le mat\u00e9riel mis \u00e0 leur disposition&nbsp;; le mat\u00e9riel mis \u00e0 disposition des participants ne peut \u00eatre utilis\u00e9 que en pr\u00e9sence et sous la responsabilit\u00e9 d\u2019un.e formateur.trice<\/p>\n\n\n\n<p>L\u2019emprunt du mat\u00e9riel appartenant \u00e0 Rescue Normandie Formation est formellement interdit<\/p>\n\n\n\n<p>Les participants conservent la responsabilit\u00e9 de leurs objets personnels<\/p>\n\n\n\n<p>Dans la salle de formation&nbsp;:<\/p>\n\n\n\n<ol>\n<li><em><strong>Hygi\u00e8ne<\/strong><\/em><\/li>\n<\/ol>\n\n\n\n<ul>\n<li>La salle de formation dispose des installations r\u00e8glementaires d\u2019hygi\u00e8ne et de propret\u00e9&nbsp;; les participants doivent respecter les r\u00e8glementations et protocoles \u00e9tablis et signaler toute d\u00e9fectuosit\u00e9<\/li>\n\n\n\n<li>La salle de formation, le mobilier ainsi que le mat\u00e9riel p\u00e9dagogique, seront conserv\u00e9s par les participants dans un \u00e9tat constant de propret\u00e9<\/li>\n\n\n\n<li>Il est interdit de fumer dans la salle de formation ni dans les locaux, y compris la cigarette \u00e9lectronique<\/li>\n\n\n\n<li>La consommation de boissons alcoolis\u00e9es n\u2019est pas autoris\u00e9e dans l\u2019espace formation<\/li>\n\n\n\n<li>Il est interdit de prendre ses repas dans la salle de formation<\/li>\n<\/ul>\n\n\n\n<ol start=\"2\">\n<li><em><strong>S\u00e9curit\u00e9<\/strong><\/em><\/li>\n<\/ol>\n\n\n\n<ul>\n<li>Conform\u00e9ment aux articles R.4227-37 \u00e0 41 du Code du Travail, les consignes d\u2019incendie, et le plan de localisation des extincteurs et des issues de secours, sont affich\u00e9es dans la salle de formation\/locaux de mani\u00e8re \u00e0 \u00eatre connues de tous les participants<\/li>\n\n\n\n<li>En cas d\u2019incendie ou autre incident, les participants se conformeront aux instructions affich\u00e9es et \u00e0 celle qui leur seront donn\u00e9es par le.la responsable de la formation<\/li>\n\n\n\n<li>Afin de se pr\u00e9munir contre les vols ou d\u00e9gradations de bien personnels, les pr\u00e9cautions n\u00e9cessaires doivent \u00eatre prises par leur propri\u00e9taire, Rescue Normandie Formation d\u00e9cline toute responsabilit\u00e9 en cas de vol, de d\u00e9gradation ou de non-respect des consignes \u00e9nonc\u00e9es<\/li>\n<\/ul>\n\n\n\n<p>A l\u2019ext\u00e9rieur de la salle de formation&nbsp;\/espace formation:<\/p>\n\n\n\n<ol>\n<li>Si la formation se d\u00e9roule dans une entreprise ou un \u00e9tablissement dot\u00e9 d\u2019un r\u00e8glement int\u00e9rieur, conforme \u00e0 la loi du 4 ao\u00fbt 1982, les mesures d\u2019hygi\u00e8ne et de s\u00e9curit\u00e9 applicables aux participants sont celles de ce dernier r\u00e8glement<\/li>\n\n\n\n<li>Pour les repas pris en ext\u00e9rieur des locaux de formation, la responsabilit\u00e9 de Rescue Normandie Formation, n\u2019est pas engag\u00e9e sur ces plages horaires<\/li>\n<\/ol>\n\n\n\n<p><strong>R\u00e8gles g\u00e9n\u00e9rales de discipline&nbsp;:<\/strong><\/p>\n\n\n\n<ol>\n<li><em><strong>L\u2019assiduit\u00e9<\/strong><\/em><\/li>\n<\/ol>\n\n\n\n<ul>\n<li>L\u2019assiduit\u00e9 aux cours est requise, la formation commence \u00e0 l\u2019heure d\u00e9finie dans le programme<\/li>\n\n\n\n<li>Les d\u00e9coupages des journ\u00e9es est \u00e9tabli par accord entre le.la formateur.trice et les participants, au d\u00e9but de la formation et ces derniers s\u2019engagent \u00e0 respecter les horaires ainsi d\u00e9finis<\/li>\n\n\n\n<li>Toute d\u00e9rogation \u00e9ventuelle devra \u00eatre sollicit\u00e9e aupr\u00e8s du.de la responsable formation<\/li>\n\n\n\n<li>Les participants s\u2019engagent \u00e0 participer \u00e0 l\u2019ensemble de la formation et toute absence sera mentionn\u00e9e sur la feuille de pr\u00e9sence ainsi qu\u2019au moment de la d\u00e9livrance de l\u2019attestation de fin de formation y sera not\u00e9 toute absence ou sortie pr\u00e9matur\u00e9e<\/li>\n\n\n\n<li>Le cas \u00e9ch\u00e9ant, Rescue Normandie Formation peut interdire la d\u00e9livrance de l\u2019attestation ou du certificat<\/li>\n<\/ul>\n\n\n\n<ol start=\"2\">\n<li><em><strong>Le mat\u00e9riel<\/strong><\/em><\/li>\n<\/ol>\n\n\n\n<ul>\n<li>Le mat\u00e9riel n\u00e9cessaire au bon d\u00e9roulement de la formation sera utilis\u00e9 avec soin et rang\u00e9 apr\u00e8s usage<\/li>\n\n\n\n<li>Le mat\u00e9riel de secourisme et de manutention sera nettoy\u00e9 et d\u00e9sinfect\u00e9 par le.la formateur.trice suivant les protocoles \u00e9tablis par Rescue Normandie Formation<\/li>\n\n\n\n<li>Le mat\u00e9riel ne doit pas \u00eatre emport\u00e9 ni utilis\u00e9 par les participants sans autorisation du.de la formateur.trice<\/li>\n<\/ul>\n\n\n\n<ol start=\"3\">\n<li><em><strong>Accident ou maladie<\/strong><\/em><\/li>\n<\/ol>\n\n\n\n<ul>\n<li>Tout accident du travail survenant pendant la formation doit \u00eatre aussit\u00f4t signal\u00e9 au formateur.trice qui effectuera les d\u00e9marches administratives n\u00e9cessaires<\/li>\n\n\n\n<li>Les arr\u00eats de travail pour maladie sont signal\u00e9s par le.la participant.e aupr\u00e8s de leur employeur qui informera Rescue Normandie Formation<\/li>\n<\/ul>\n\n\n\n<p><strong>Sanctions disciplinaires&nbsp;:<\/strong><\/p>\n\n\n\n<p>Le participant a l\u2019obligation de discr\u00e9tion, sur les informations qu\u2019il pourra recueillir sur les entreprises, les \u00e9tablissements ou autres organismes, avec lesquels il est en relation dans le cadre de sa formation<\/p>\n\n\n\n<p>Le participant qui par son attitude ou son comportement, troublerait le d\u00e9roulement de la formation ou ne respecterait pas le pr\u00e9sent r\u00e8glement int\u00e9rieur, pourrait \u00eatre sanctionn\u00e9 d\u2019un avertissement ou d&rsquo;une exclusion dans le respect de la proc\u00e9dure suivante&nbsp;:<\/p>\n\n\n\n<ul>\n<li>Le.la directeur.trice ou son.sa repr\u00e9sentant.e, convoque le participant en lui indiquant l\u2019objet de cette convocation en pr\u00e9cisant la date, l\u2019heure et le lieu de l\u2019entretien<\/li>\n\n\n\n<li>La convocation est \u00e9crite et adress\u00e9e par lettre recommand\u00e9e ou remise \u00e0 l\u2019int\u00e9ress\u00e9 contre d\u00e9charge<\/li>\n\n\n\n<li>Au cours de l\u2019entretien, le participant peut se faire assister par une personne de son choix<\/li>\n\n\n\n<li>Une fiche incident sera \u00e9tablie<\/li>\n\n\n\n<li>L\u2019employeur du participant sera inform\u00e9 et le cas \u00e9ch\u00e9ant, le.la directeur.trice de l\u2019organisme collecteur paritaire agr\u00e9\u00e9 qui a assur\u00e9 le financement de l\u2019action de formation, dont \u00e0 b\u00e9n\u00e9fici\u00e9 le participant<\/li>\n\n\n\n<li>Si le comportement fautif ou l\u2019infraction est constitutif d\u2019un d\u00e9lis de vol, de violence,\u2026 Rescue Normandie Formation se r\u00e9serve le droit d\u2019engager toute poursuite devant les tribunaux comp\u00e9tents<\/li>\n<\/ul>\n\n\n\n<p><strong>R\u00e9clamation&nbsp;<\/strong>:<\/p>\n\n\n\n<p>Une fiche de r\u00e9clamation est \u00e0 votre disposition sur demande, afin de nous informer de toutes vos remarques ou vos demandes particuli\u00e8res \u00e0 <a href=\"mailto:contact@rescue-normandie-formation.fr\">contact@rescue-normandie-formation.fr<\/a> ou par lettre adress\u00e9e aupr\u00e8s de\u00a0:<\/p>\n\n\n\n<p class=\"has-text-align-center\">TAILLARD Patricia- Rescue Normandie Formation<\/p>\n\n\n\n<p class=\"has-text-align-center\">5 Hameau du Clos d\u2019Ailly<br>14570 Cl\u00e9cy<br>France<\/p>\n\n\n\n<p><strong>Date d\u2019entr\u00e9e en vigueur&nbsp;:<\/strong><\/p>\n\n\n\n<p>Le pr\u00e9sent r\u00e8glement est remis \u00e0 chaque participant<\/p>\n\n\n\n<p>Un exemplaire du pr\u00e9sent r\u00e8glement est disponible durant la formation et sur le site internet de Rescue Normandie Formation<\/p>\n\n\n\n<p>Vous souhaitez t\u00e9l\u00e9charger le document relatif au r\u00e8glement int\u00e9rieur ? <\/p>\n\n\n\n<p class=\"has-text-align-center\"><strong>REF&nbsp;: RI01 V1\/2021<\/strong><\/p>\n\n\n\n<div id=\"wp-block-themeisle-blocks-button-group-7dda0251\" class=\"wp-block-themeisle-blocks-button-group wp-block-buttons align-center-desktop\">\n<div id=\"wp-block-themeisle-blocks-button-b0ab7c7d\" class=\"wp-block-themeisle-blocks-button wp-block-button\"><a href=\"https:\/\/rescue-normandie-formation.fr\/wp-content\/uploads\/2021\/05\/Reglement-interieur.pdf\" target=\"_self\" rel=\"noopener noreferrer\" class=\"wp-block-button__link\"><i class=\"fas fa-fw fa-file-download margin-right\"><\/i><span>T\u00e9l\u00e9charger le r\u00e8glement int\u00e9rieur<\/span><\/a><\/div>\n<\/div>\n\n\n\n<div style=\"height:17px\" aria-hidden=\"true\" class=\"wp-block-spacer\"><\/div>\n","protected":false},"excerpt":{"rendered":"<p>Le pr\u00e9sent r\u00e8glement est applicable aux participants de la formation continue, il pr\u00e9cise les droits et les devoirs de chacun et est port\u00e9 \u00e0 la connaissance de chaque participant au d\u00e9but de sa formation Droits des participants&nbsp;: Rescue Normandie Formation s\u2019engage \u00e0 donner au participant, la formation conforme aux indications [&hellip;]<\/p>\n","protected":false},"author":1,"featured_media":0,"parent":0,"menu_order":0,"comment_status":"closed","ping_status":"closed","template":"","meta":{"_themeisle_gutenberg_block_has_review":false,"footnotes":""},"_links":{"self":[{"href":"https:\/\/rescue-normandie-formation.fr\/index.php?rest_route=\/wp\/v2\/pages\/187"}],"collection":[{"href":"https:\/\/rescue-normandie-formation.fr\/index.php?rest_route=\/wp\/v2\/pages"}],"about":[{"href":"https:\/\/rescue-normandie-formation.fr\/index.php?rest_route=\/wp\/v2\/types\/page"}],"author":[{"embeddable":true,"href":"https:\/\/rescue-normandie-formation.fr\/index.php?rest_route=\/wp\/v2\/users\/1"}],"replies":[{"embeddable":true,"href":"https:\/\/rescue-normandie-formation.fr\/index.php?rest_route=%2Fwp%2Fv2%2Fcomments&post=187"}],"version-history":[{"count":16,"href":"https:\/\/rescue-normandie-formation.fr\/index.php?rest_route=\/wp\/v2\/pages\/187\/revisions"}],"predecessor-version":[{"id":922,"href":"https:\/\/rescue-normandie-formation.fr\/index.php?rest_route=\/wp\/v2\/pages\/187\/revisions\/922"}],"wp:attachment":[{"href":"https:\/\/rescue-normandie-formation.fr\/index.php?rest_route=%2Fwp%2Fv2%2Fmedia&parent=187"}],"curies":[{"name":"wp","href":"https:\/\/api.w.org\/{rel}","templated":true}]}}