{"id":212,"date":"2021-05-07T11:11:51","date_gmt":"2021-05-07T09:11:51","guid":{"rendered":"http:\/\/rescue-normandie-formation.fr\/?page_id=212"},"modified":"2023-07-16T12:39:30","modified_gmt":"2023-07-16T10:39:30","slug":"en-situation-dhandicap","status":"publish","type":"page","link":"https:\/\/rescue-normandie-formation.fr\/?page_id=212","title":{"rendered":"En situation de Handicap ?"},"content":{"rendered":"\n<div class=\"wp-block-themeisle-blocks-advanced-columns has-1-columns has-desktop-equal-layout has-tablet-equal-layout has-mobile-equal-layout has-default-gap has-vertical-unset\" id=\"wp-block-themeisle-blocks-advanced-columns-1235f120\"><div class=\"wp-block-themeisle-blocks-advanced-columns-overlay\"><\/div><div class=\"innerblocks-wrap\">\n<div class=\"wp-block-themeisle-blocks-advanced-column\" id=\"wp-block-themeisle-blocks-advanced-column-3ca87d11\">\n<p>Rescue Normandie Formation est handi-bienveillant et s&rsquo;engage en faveur de l&rsquo;inclusion et \u00e0 ce titre, toute l&rsquo;\u00e9quipe de Rescue Normandie Formation est sensibilis\u00e9e et form\u00e9e afin de permettre l&rsquo;accueil d&rsquo;une personne en situation d&rsquo;handicap.<\/p>\n<p>Pour toute demande et identification des besoins, merci de contacter la r\u00e9f\u00e9rente p\u00e9dagogique via l&rsquo;onglet Contactez-nous <\/p>\n<p><\/p>\n<p class=\"has-text-align-center\">REF : HD01 V1\/2022<\/p>\n<\/div>\n<\/div><\/div>\n","protected":false},"excerpt":{"rendered":"<p>Rescue Normandie Formation est handi-bienveillant et s&rsquo;engage en faveur de l&rsquo;inclusion et \u00e0 ce titre, toute l&rsquo;\u00e9quipe de Rescue Normandie Formation est sensibilis\u00e9e et form\u00e9e afin de permettre l&rsquo;accueil d&rsquo;une personne en situation d&rsquo;handicap. Pour toute demande et identification des besoins, merci de contacter la r\u00e9f\u00e9rente p\u00e9dagogique via l&rsquo;onglet Contactez-nous [&hellip;]<\/p>\n","protected":false},"author":1,"featured_media":0,"parent":0,"menu_order":0,"comment_status":"closed","ping_status":"closed","template":"","meta":{"_themeisle_gutenberg_block_has_review":false,"footnotes":""},"_links":{"self":[{"href":"https:\/\/rescue-normandie-formation.fr\/index.php?rest_route=\/wp\/v2\/pages\/212"}],"collection":[{"href":"https:\/\/rescue-normandie-formation.fr\/index.php?rest_route=\/wp\/v2\/pages"}],"about":[{"href":"https:\/\/rescue-normandie-formation.fr\/index.php?rest_route=\/wp\/v2\/types\/page"}],"author":[{"embeddable":true,"href":"https:\/\/rescue-normandie-formation.fr\/index.php?rest_route=\/wp\/v2\/users\/1"}],"replies":[{"embeddable":true,"href":"https:\/\/rescue-normandie-formation.fr\/index.php?rest_route=%2Fwp%2Fv2%2Fcomments&post=212"}],"version-history":[{"count":10,"href":"https:\/\/rescue-normandie-formation.fr\/index.php?rest_route=\/wp\/v2\/pages\/212\/revisions"}],"predecessor-version":[{"id":721,"href":"https:\/\/rescue-normandie-formation.fr\/index.php?rest_route=\/wp\/v2\/pages\/212\/revisions\/721"}],"wp:attachment":[{"href":"https:\/\/rescue-normandie-formation.fr\/index.php?rest_route=%2Fwp%2Fv2%2Fmedia&parent=212"}],"curies":[{"name":"wp","href":"https:\/\/api.w.org\/{rel}","templated":true}]}}