{"id":296,"date":"2021-05-11T12:09:54","date_gmt":"2021-05-11T10:09:54","guid":{"rendered":"https:\/\/rescue-normandie-formation.fr\/?page_id=296"},"modified":"2024-12-07T17:15:45","modified_gmt":"2024-12-07T16:15:45","slug":"mac-sst","status":"publish","type":"page","link":"https:\/\/rescue-normandie-formation.fr\/?page_id=296","title":{"rendered":"MAC acteur SST :"},"content":{"rendered":"\n<p class=\"has-text-align-center\">Le sauveteur secouriste du travail (SST) est un salari\u00e9 de l\u2019entreprise. Son r\u00f4le est de porter les premiers secours \u00e0 toute victime d\u2019un accident du travail ou d\u2019un malaise, mais aussi d\u2019\u00eatre acteur de la pr\u00e9vention dans son entreprise. <\/p>\n\n\n\n<p class=\"has-text-align-center\">Maintient et actualisation des comp\u00e9tences d&rsquo;acteurs en sauveteur secouriste du travail<\/p>\n\n\n\n<div id=\"wp-block-themeisle-blocks-advanced-columns-461202c7\" class=\"wp-block-themeisle-blocks-advanced-columns has-1-columns has-desktop-equal-layout has-tablet-equal-layout has-mobile-equal-layout has-vertical-unset has-default-gap\"><div class=\"wp-block-themeisle-blocks-advanced-columns-overlay\"><\/div><div class=\"innerblocks-wrap\">\n<div id=\"wp-block-themeisle-blocks-advanced-column-9bc7250b\" class=\"wp-block-themeisle-blocks-advanced-column\">\n<h2 class=\"wp-block-heading\">NATURE DE LA FORMATION<\/h2>\n\n\n\n<p>Maintien et Actualisation des Comp\u00e9tences en <strong>SAUVETAGE SECOURISME DU TRAVAIL<\/strong><\/p>\n\n\n\n<h2 class=\"wp-block-heading\">PRE REQUIS<\/h2>\n\n\n\n<p>Etre titulaire du Certificat de Sauveteur Secouriste du Travail<\/p>\n\n\n\n<p>Un acteur SST dont la date de validit\u00e9 de son certificat est d\u00e9pass\u00e9e peut n\u00e9anmoins suivre un MAC pour recouvrer sa certification<\/p>\n\n\n\n<h2 class=\"wp-block-heading\">SOURCES ET MOYENS PEDAGOGIQUES<\/h2>\n\n\n\n<p>La formation dispens\u00e9e <strong>respecte<\/strong> le r\u00e9f\u00e9rentiel de comp\u00e9tences du S.S.T.<\/p>\n\n\n\n<p>L\u2019ensemble du programme de la formation \u00ab&nbsp;M.A.C.&nbsp;\u00bb SST est enseign\u00e9 en premier lieu par vid\u00e9o-projection, puis sous la forme de cas concrets (jeux de r\u00f4le) avec manipulation de mannequins et de mat\u00e9riels avec mise en application des gestes de secourisme.<\/p>\n\n\n\n<h2 class=\"wp-block-heading\">DEFINITION DES OBJECTIFS<\/h2>\n\n\n\n<p>La formation M.A.C. SST a pour but de maintenir les comp\u00e9tences du SAUVETEUR SECOURISTE DU TRAVAIL, d\u00e9finies dans le r\u00e9f\u00e9rentiel de comp\u00e9tences du S.S.T., \u00e0 un niveau au moins \u00e9quivalent, voire sup\u00e9rieur \u00e0 celui de sa formation initiale. L\u2019ensemble du programme de formation initiale est repris sous la forme de cas concrets. Les risques sp\u00e9cifiques de l\u2019entreprise sont <strong>repris <\/strong>et <strong>approfondis<\/strong> en fonction de l\u2019exp\u00e9rience acquise par le secouriste depuis sa derni\u00e8re formation SST. Le secouriste doit d\u00e9terminer son action en vue de prot\u00e9ger, examiner, alerter et secourir le bless\u00e9.<\/p>\n\n\n\n<h2 class=\"wp-block-heading\">MODALITES ET DUREE DE LA FORMATION<\/h2>\n\n\n\n<p><strong>Modalit\u00e9s&nbsp;:<\/strong><\/p>\n\n\n\n<p>La formation M.A.C. doit avoir lieu tous les 24 mois.<\/p>\n\n\n\n<p>Le nombre de participants habituel par session est de 4 au minimum et de 10 maximums. Le non-respect de l\u2019obligation de formation continue fait perdre la certification SST. Afin d\u2019\u00eatre de nouveau certifi\u00e9, le S.S.T. devra valider ses comp\u00e9tences lors d\u2019une session de formation continue.<\/p>\n\n\n\n<p><strong>Dur\u00e9e de la formation&nbsp;:<\/strong><\/p>\n\n\n\n<p>La dur\u00e9e du M.A.C. est de 7 heures en pr\u00e9sentiel. Elle peut aussi \u00eatre augment\u00e9e en fonction des risques particuliers identifi\u00e9s par le m\u00e9decin du travail.<\/p>\n\n\n\n<h2 class=\"wp-block-heading\">ENCADREMENT DE LA FORMATION ET FORMATEUR CERTIFIE<\/h2>\n\n\n\n<p>Encadrement de la formation&nbsp;:&nbsp;elle est dispens\u00e9e par un formateur SST certifi\u00e9 par l&rsquo;INRS et en ordre de validit\u00e9 et rattach\u00e9 \u00e0 un organisme de formation habilit\u00e9 pour la formation initiale et continue de SST.<\/p>\n\n\n\n<h2 class=\"wp-block-heading\">SANCTION DE LA FORMATION<\/h2>\n\n\n\n<p>Les crit\u00e8res d\u2019\u00e9valuation utilis\u00e9s pour cette validation sont les m\u00eames que ceux de la formation initiale. Le formateur utilisera le document national nomm\u00e9 (document INRS), d\u00e9nomm\u00e9e \u00ab&nbsp;<strong>Grille de certification des comp\u00e9tences du SST \u2013 Maintien et Actualisation des Comp\u00e9tences<\/strong>&nbsp;\u00bb.<\/p>\n\n\n\n<p>A l\u2019issue de l\u2019\u00e9valuation, un nouveau <strong>Certificat<\/strong> <strong>de sauveteur secouriste du travail valable au maximum 24 mois<\/strong> sera d\u00e9livr\u00e9 au candidat qui a particip\u00e9 activement \u00e0 l\u2019ensemble de la formation et fait l\u2019objet d\u2019une \u00e9valuation continue favorable de la part du ou des formateurs.<\/p>\n\n\n\n<p>Seuls les candidats qui ont suivi l\u2019int\u00e9gralit\u00e9 de la formation et qui sont aptes \u00e0 mettre en \u0153uvre l\u2019ensemble des comp\u00e9tences attendues du SST pourront valablement \u00eatre reconnus au titre de Sauveteur Secouriste du Travail.<\/p>\n\n\n\n<h2 class=\"wp-block-heading\">APPRECIATION DES PARTICIPANTS<\/h2>\n\n\n\n<p>A l\u2019issue de la formation, Rescue Normandie Formation remettra une fiche d\u2019\u00e9valuation \u00e0 chaque participant que celui-ci devra compl\u00e9ter pour Y apporter ses remarques \u00e9ventuelles et son appr\u00e9ciation sur l\u2019enseignement dispens\u00e9, les atteintes p\u00e9dagogiques, les qualit\u00e9s du formateur, les locaux et le mat\u00e9riel. Ces informations seront utiles pour l\u2019am\u00e9lioration de la qualit\u00e9 de la formation.<\/p>\n\n\n\n<h2 class=\"wp-block-heading\">CONTENU DE LA FORMATION<\/h2>\n\n\n\n<p>Apr\u00e8s la pr\u00e9sentation du formateur et des participants, r\u00e9vision sur&nbsp;:<\/p>\n\n\n\n<ol style=\"list-style-type:upper-roman\">\n<li><strong>Domaine de comp\u00e9tences 1&nbsp;: Intervenir face \u00e0 une situation d\u2019accident du travail<\/strong><\/li>\n<\/ol>\n\n\n\n<p>1\u00b0) Situer son r\u00f4le de SST dans l\u2019organisation des secours dans l\u2019entreprise&nbsp;:<\/p>\n\n\n\n<ul>\n<li>Identifier le cadre juridique du r\u00f4le du S.S.T.<\/li>\n\n\n\n<li>D\u00e9limiter son champ d\u2019intervention en mati\u00e8re de secours<\/li>\n<\/ul>\n\n\n\n<p>2\u00b0) Prot\u00e9ger de fa\u00e7on adapt\u00e9e&nbsp;:<\/p>\n\n\n\n<ul>\n<li>Mettre en \u0153uvre les mesures de protection d\u00e9crites dans le processus d\u2019alerte aux populations<\/li>\n\n\n\n<li>Identifier les dangers persistants et rep\u00e9rer les personnes qui pourraient y \u00eatre expos\u00e9es<\/li>\n\n\n\n<li>Supprimer ou isoler le danger persistant, ou soustraire la victime au danger persistant sans s\u2019exposer soi m\u00eame<\/li>\n<\/ul>\n\n\n\n<p>3\u00b0) Examiner la victime&nbsp;:<\/p>\n\n\n\n<ul>\n<li>Rechercher, suivant un ordre d\u00e9termin\u00e9, la pr\u00e9sence d\u2019un (ou plusieurs) des signes indiquant que la vie de la victime est imm\u00e9diatement menac\u00e9e<\/li>\n\n\n\n<li>Reconna\u00eetre les autres signes affectant la victime<\/li>\n\n\n\n<li>Prioriser les actions \u00e0 r\u00e9aliser en fonction des signes d\u00e9cel\u00e9s et du r\u00e9sultat \u00e0 atteindre<\/li>\n<\/ul>\n\n\n\n<p>4\u00b0) Garantir une alerte favorisant l\u2019arriv\u00e9e de secours adapt\u00e9s au plus pr\u00e8s de la victime&nbsp;:<\/p>\n\n\n\n<ul>\n<li>D\u00e9finir les diff\u00e9rents \u00e9l\u00e9ments du message d\u2019alerte<\/li>\n\n\n\n<li>Identifier qui alerter en fonction de l\u2019organisation des secours dans l\u2019entreprise<\/li>\n\n\n\n<li>Faire alerter par la personne la plus apte ou alerter soi m\u00eame<\/li>\n<\/ul>\n\n\n\n<p>5\u00b0) Secourir la victime de mani\u00e8re appropri\u00e9e&nbsp;:<\/p>\n\n\n\n<ul>\n<li>Choisir \u00e0 l\u2019issue de l\u2019examen l\u2019action ou les actions \u00e0 effectuer<\/li>\n\n\n\n<li>R\u00e9aliser l\u2019action ou les actions choisie(s) en respectant la conduite \u00e0 tenir indiqu\u00e9e dans le guide des donn\u00e9es techniques<\/li>\n<\/ul>\n\n\n\n<p>La victime saigne abondamment<\/p>\n\n\n\n<p>La victime s\u2019\u00e9touffe<\/p>\n\n\n\n<p>La victime se plaint de malaise<\/p>\n\n\n\n<p>La victime se plaint de br\u00fblures<\/p>\n\n\n\n<p>La victime se plaint d\u2019une douleur l\u2019emp\u00eachant d\u2019effectuer certains mouvements<\/p>\n\n\n\n<p>La victime se plaint d\u2019une plaie qui ne saigne pas abondamment<\/p>\n\n\n\n<p>La victime ne r\u00e9pond pas, mais elle respire<\/p>\n\n\n\n<p>La victime ne r\u00e9pond pas et ne respire pas<\/p>\n\n\n\n<ul>\n<li>Surveiller, jusqu\u2019\u00e0 la prise en charge de la victime par les secours sp\u00e9cialis\u00e9s, l\u2019am\u00e9lioration ou l\u2019aggravation de son \u00e9tat et adapter sa conduite si besoin<\/li>\n<\/ul>\n\n\n\n<ol start=\"2\" style=\"list-style-type:upper-roman\">\n<li><strong>Domaine de comp\u00e9tences 2&nbsp;: Contribuer \u00e0 la pr\u00e9vention des risques professionnels dans l\u2019entreprise<\/strong><\/li>\n<\/ol>\n\n\n\n<p>6\u00b0) Situer son r\u00f4le de S.S.T. dans l\u2019organisation de la pr\u00e9vention de l\u2019entreprise&nbsp;:<\/p>\n\n\n\n<ul>\n<li>S\u2019approprier les enjeux de la pr\u00e9vention pour en situer l\u2019importance dans son entreprise<\/li>\n\n\n\n<li>Se positionner comme un des acteurs de la pr\u00e9vention dans son entreprise<\/li>\n<\/ul>\n\n\n\n<p>7\u00b0) Caract\u00e9riser des risques professionnels dans une situation de travail&nbsp;:<\/p>\n\n\n\n<ul>\n<li>Rep\u00e9rer des dangers et informer les personnes qui pourraient y \u00eatre expos\u00e9es<\/li>\n\n\n\n<li>D\u00e9terminer des risques et leurs dommages potentiels<\/li>\n<\/ul>\n\n\n\n<p>8\u00b0) Participer \u00e0 la ma\u00eetrise des risques professionnels par des actions de pr\u00e9vention&nbsp;:<\/p>\n\n\n\n<ul>\n<li>Supprimer ou \u00e0 d\u00e9faut r\u00e9duire les risques sur lesquels il est possible d\u2019agir directement<\/li>\n\n\n\n<li>Transmettre aux personnes en charge de la pr\u00e9vention les \u00e9l\u00e9ments li\u00e9s \u00e0 toute situation dangereuse rep\u00e9r\u00e9e<\/li>\n\n\n\n<li>Proposer, si possible, des pistes d\u2019am\u00e9lioration.<\/li>\n<\/ul>\n\n\n\n<p>Module COVID-19 (recommandation INRS)<\/p>\n\n\n\n<h2 class=\"wp-block-heading\">EVALUATION CERTIFICATIVE DU SST<\/h2>\n\n\n\n<p>Epreuve 1&nbsp;: Mise en situation. Le candidat mettra en \u0153uvre l\u2019int\u00e9gralit\u00e9 des comp\u00e9tences afin d\u2019intervenir efficacement face \u00e0 la situation propos\u00e9e<\/p>\n\n\n\n<p>Epreuve 2&nbsp;: Avec comme support la mise en situation de travail simul\u00e9e de l\u2019\u00e9preuve 1, le candidat devra r\u00e9pondre, lors d\u2019un \u00e9change avec le formateur \u00e0 un questionnement simple portant sur ses comp\u00e9tences en mati\u00e8re de pr\u00e9vention<\/p>\n\n\n\n<div class=\"wp-block-group\"><div class=\"wp-block-group__inner-container is-layout-constrained wp-block-group-is-layout-constrained\">\n<h2 class=\"wp-block-heading\">D\u00e9lais et modalit\u00e9s d&rsquo;acc\u00e8s :<\/h2>\n\n\n\n<p>Prendre contact avec notre organisme de formation<\/p>\n\n\n\n<p>Le d\u00e9lai d&rsquo;acc\u00e8s est r\u00e9gi par l&rsquo;agenda de l&rsquo;organisme de formation (entre 2 et 8 semaines \u00e0 r\u00e9ception du devis valid\u00e9)<\/p>\n<\/div><\/div>\n\n\n\n<h2 class=\"wp-block-heading\">   TARIF<\/h2>\n\n\n\n<p>Tarif Intra : Nous contacter<br>Tarif Inter : 90 \u20ac\/participant<\/p>\n\n\n\n<div id=\"wp-block-themeisle-blocks-circle-counter-cbd0d650\" data-percentage=\"100\" data-duration=\"2\" data-height=\"200\" data-stroke-width=\"10\" data-font-size-percent=\"30\" data-progress-stroke=\"#016a0d\" class=\"wp-block-themeisle-blocks-circle-counter\"><div class=\"wp-block-themeisle-blocks-circle-counter-title__area\"><span class=\"wp-block-themeisle-blocks-circle-counter-title__value\">Taux de satisfaction de la formation<\/span><\/div><div class=\"wp-block-themeisle-blocks-circle-counter__bar\"><\/div><\/div>\n\n\n\n<div id=\"wp-block-themeisle-blocks-circle-counter-5b49b271\" data-percentage=\"100\" data-duration=\"2\" data-height=\"200\" data-stroke-width=\"10\" data-font-size-percent=\"30\" data-progress-stroke=\"#016a0d\" class=\"wp-block-themeisle-blocks-circle-counter\"><div class=\"wp-block-themeisle-blocks-circle-counter-title__area\"><span class=\"wp-block-themeisle-blocks-circle-counter-title__value\">Taux de r\u00e9ussite de la formation<\/span><\/div><div class=\"wp-block-themeisle-blocks-circle-counter__bar\"><\/div><\/div>\n\n\n\n<p class=\"has-text-align-center\"><em><em>Indicateurs mis \u00e0 jour le 07\/12\/2024<\/em><\/em><\/p>\n\n\n\n<p class=\"has-text-align-center\"><a href=\"https:\/\/rescue-normandie-formation.fr\/?page_id=212\"><strong>Accessibilit\u00e9 pour les personnes en situation de handicap<\/strong><\/a><\/p>\n\n\n\n<p class=\"has-text-align-center\">Vous souhaitez t\u00e9l\u00e9charger le document relatif au programme de MAC SST ?<\/p>\n\n\n\n<div id=\"wp-block-themeisle-blocks-button-group-e27772e7\" class=\"wp-block-themeisle-blocks-button-group wp-block-buttons align-center-desktop\">\n<div id=\"wp-block-themeisle-blocks-button-77bb6155\" class=\"wp-block-themeisle-blocks-button wp-block-button\"><a href=\"https:\/\/rescue-normandie-formation.fr\/wp-content\/uploads\/2021\/12\/MAC-SST.pdf\" target=\"_self\" rel=\"noopener noreferrer\" class=\"wp-block-button__link\"><i class=\"fas fa-fw fa-file-download margin-right\"><\/i><span>T\u00e9l\u00e9charger le programme<\/span><\/a><\/div>\n<\/div>\n<\/div>\n<\/div><\/div>\n\n\n\n<p class=\"has-text-align-center\">R\u00e9f : MAC SST001 Version : V4 du 12\/12\/2021<\/p>\n\n\n\n<div style=\"height:17px\" aria-hidden=\"true\" class=\"wp-block-spacer\"><\/div>\n\n\n\n<div class=\"wp-block-buttons is-content-justification-center is-layout-flex wp-container-core-buttons-is-layout-1 wp-block-buttons-is-layout-flex\" style=\"font-style:italic;font-weight:700\">\n<div class=\"wp-block-button\"><a class=\"wp-block-button__link wp-element-button\" href=\"https:\/\/rescue-normandie-formation.fr\/#menuFormations\">Voir les autres formations<\/a><\/div>\n<\/div>\n\n\n\n<div style=\"height:17px\" aria-hidden=\"true\" class=\"wp-block-spacer\"><\/div>\n","protected":false},"excerpt":{"rendered":"<p>Le sauveteur secouriste du travail (SST) est un salari\u00e9 de l\u2019entreprise. Son r\u00f4le est de porter les premiers secours \u00e0 toute victime d\u2019un accident du travail ou d\u2019un malaise, mais aussi d\u2019\u00eatre acteur de la pr\u00e9vention dans son entreprise. Maintient et actualisation des comp\u00e9tences d&rsquo;acteurs en sauveteur secouriste du travail [&hellip;]<\/p>\n","protected":false},"author":1,"featured_media":0,"parent":0,"menu_order":0,"comment_status":"closed","ping_status":"closed","template":"","meta":{"_themeisle_gutenberg_block_has_review":false,"footnotes":""},"_links":{"self":[{"href":"https:\/\/rescue-normandie-formation.fr\/index.php?rest_route=\/wp\/v2\/pages\/296"}],"collection":[{"href":"https:\/\/rescue-normandie-formation.fr\/index.php?rest_route=\/wp\/v2\/pages"}],"about":[{"href":"https:\/\/rescue-normandie-formation.fr\/index.php?rest_route=\/wp\/v2\/types\/page"}],"author":[{"embeddable":true,"href":"https:\/\/rescue-normandie-formation.fr\/index.php?rest_route=\/wp\/v2\/users\/1"}],"replies":[{"embeddable":true,"href":"https:\/\/rescue-normandie-formation.fr\/index.php?rest_route=%2Fwp%2Fv2%2Fcomments&post=296"}],"version-history":[{"count":29,"href":"https:\/\/rescue-normandie-formation.fr\/index.php?rest_route=\/wp\/v2\/pages\/296\/revisions"}],"predecessor-version":[{"id":974,"href":"https:\/\/rescue-normandie-formation.fr\/index.php?rest_route=\/wp\/v2\/pages\/296\/revisions\/974"}],"wp:attachment":[{"href":"https:\/\/rescue-normandie-formation.fr\/index.php?rest_route=%2Fwp%2Fv2%2Fmedia&parent=296"}],"curies":[{"name":"wp","href":"https:\/\/api.w.org\/{rel}","templated":true}]}}