{"id":307,"date":"2021-05-11T12:16:04","date_gmt":"2021-05-11T10:16:04","guid":{"rendered":"https:\/\/rescue-normandie-formation.fr\/?page_id=307"},"modified":"2024-12-08T11:07:19","modified_gmt":"2024-12-08T10:07:19","slug":"mac-prap-ibc","status":"publish","type":"page","link":"https:\/\/rescue-normandie-formation.fr\/?page_id=307","title":{"rendered":"MAC acteur PRAP IBC"},"content":{"rendered":"\n<p class=\"has-text-align-center\">Maintien et actualisation des comp\u00e9tences d\u2019acteur en pr\u00e9vention des risques li\u00e9s \u00e0 l\u2019activit\u00e9 physique<\/p>\n\n\n\n<h2 class=\"wp-block-heading\">OBJECTIFS DE LA FORMATION<\/h2>\n\n\n\n<p>Renouveler son certificat d\u2019<strong>Acteur PRAP IBC<\/strong><\/p>\n\n\n\n<h2 class=\"wp-block-heading\">PRE-REQUIS<\/h2>\n\n\n\n<p>Etre titulaire du certificat d\u2019<strong>Acteur PRAP IBC<\/strong><\/p>\n\n\n\n<h2 class=\"wp-block-heading\">PUBLIC CONCERNE<\/h2>\n\n\n\n<p>Tout salari\u00e9 du secteur de l&rsquo;industrie, du b\u00e2timent et du commerce.<\/p>\n\n\n\n<h2 class=\"wp-block-heading\">OBJECTIFS PEDAGOGIQUES<\/h2>\n\n\n\n<ul>\n<li>Poursuivre sa participation \u00e0 la d\u00e9marche de pr\u00e9vention<\/li>\n\n\n\n<li>Poursuivre l\u2019\u00e9valuation des risques professionnels<\/li>\n\n\n\n<li>Adapter et optimiser ses pratiques professionnelles<\/li>\n\n\n\n<li>Pr\u00e9sentation du plan d\u2019action suite aux propositions d\u2019am\u00e9lioration<\/li>\n<\/ul>\n\n\n\n<h2 class=\"wp-block-heading\">SOURCES ET MOYENS PEDAGOGIQUES<\/h2>\n\n\n\n<p>En amont de la formation&nbsp;:<\/p>\n\n\n\n<p>Echanges et r\u00e9cup\u00e9ration des donn\u00e9es avec la Direction de la d\u00e9marche PRAP<\/p>\n\n\n\n<p>Mat\u00e9riels&nbsp;:<\/p>\n\n\n\n<p>Power-point et vid\u00e9o<\/p>\n\n\n\n<p>Mat\u00e9riel de manutention utilis\u00e9 par le personnel<\/p>\n\n\n\n<h2 class=\"wp-block-heading\">DUREE ET LIEU DE LA FORMATION<\/h2>\n\n\n\n<p><strong>Dur\u00e9e<\/strong><strong>&nbsp;: 7 heures<\/strong> en pr\u00e9sentiel.<\/p>\n\n\n\n<p>A ces heures en pr\u00e9sentiel peuvent s\u2019ajouter le temps n\u00e9cessaire \u00e0 l\u2019ouverture et \u00e0 la cl\u00f4ture de la formation par un membre de la direction&nbsp;:<\/p>\n\n\n\n<ul>\n<li>\u00e0 l\u2019ouverture de la formation, sa pr\u00e9sence est conseill\u00e9e pour exposer les attentes de l\u2019entreprise<\/li>\n\n\n\n<li>\u00e0 la cl\u00f4ture de la formation, sa pr\u00e9sence est tr\u00e8s vivement conseill\u00e9e&nbsp;: il s\u2019agit de faire le bilan de la formation et de recueillir les principales propositions d\u2019am\u00e9lioration du groupe.<\/li>\n<\/ul>\n\n\n\n<p><strong>Lieu&nbsp;: <\/strong>Dans les locaux de l\u2019entreprise, en salle de r\u00e9union, avec la capacit\u00e9 d\u2019\u00e9crire (tables et chaises). Les participants doivent pouvoir avoir acc\u00e8s en permanence aux sites de travail pendant toute la dur\u00e9e de la formation.<\/p>\n\n\n\n<h2 class=\"wp-block-heading\">ENCADREMENT DE LA FORMATION ET FORMATEUR CERTIFIE<\/h2>\n\n\n\n<p>Encadrement de la formation&nbsp;:&nbsp;elle est dispens\u00e9e par un formateur PRAP IBC ou 2S en ordre de validit\u00e9 et certifi\u00e9 par l&rsquo;INRS, rattach\u00e9 \u00e0 un organisme de formation habilit\u00e9 pour la formation initiale et continue d\u2019Acteur PRAP.<\/p>\n\n\n\n<h2 class=\"wp-block-heading\">SANCTION DE LA FORMATION<\/h2>\n\n\n\n<p>Les crit\u00e8res d\u2019\u00e9valuation utilis\u00e9s pour cette validation sont ceux d\u00e9finis par l\u2019INRS, dans le r\u00e9f\u00e9rentiel de formation des Acteurs PRAP. Ils sont transcrits dans un document national nomm\u00e9 \u00ab&nbsp;Grille de certification des comp\u00e9tences de l\u2019acteur PRAP&nbsp;\u00bb et utilis\u00e9s \u00e0 chaque formation.<\/p>\n\n\n\n<p>Un Certificat d\u2019Acteur PRAP de l\u2019INRS sera d\u00e9livr\u00e9 au candidat qui a particip\u00e9 \u00e0 l\u2019ensemble de la formation et fait l\u2019objet d\u2019une \u00e9valuation favorable. Ce certificat sera envoy\u00e9 \u00e0 l\u2019entreprise et a une dur\u00e9e de validit\u00e9 de 24 mois. Il sera \u00e9galement d\u00e9livr\u00e9 au participants une attestation de suivi de la formation.<\/p>\n\n\n\n<h2 class=\"wp-block-heading\">APPRECIATION DES PARTICIPANTS<\/h2>\n\n\n\n<p>A l\u2019issue de la formation, Rescue Normandie Formation, remettra une fiche d\u2019\u00e9valuation \u00e0 chaque participant que celui-ci devra compl\u00e9ter pour y apporter ses remarques \u00e9ventuelles et son appr\u00e9ciation sur l\u2019enseignement dispens\u00e9, l\u2019atteinte des objectifs, les qualit\u00e9s du formateur, les locaux et le mat\u00e9riel,\u2026 Ces informations peuvent utiles pour l\u2019am\u00e9lioration de la qualit\u00e9 des formations ult\u00e9rieures.<\/p>\n\n\n\n<h2 class=\"wp-block-heading\">CONTENU DE LA FORMATION<\/h2>\n\n\n\n<p>Accueil et pr\u00e9sentation des participants et du formateur<\/p>\n\n\n\n<p>Pr\u00e9sentation de la formation-action Mac PRAP IBC dans la d\u00e9marche de pr\u00e9vention de l\u2019entreprise.<\/p>\n\n\n\n<p>Rappels sur&nbsp;:<\/p>\n\n\n\n<p>Les principes de la pr\u00e9vention des risques<\/p>\n\n\n\n<p>Notion \u00e9l\u00e9mentaire d\u2019anatomie<\/p>\n\n\n\n<p>Les \u00e9l\u00e9ments d\u00e9terminants de l\u2019activit\u00e9 physique<\/p>\n\n\n\n<p>Pr\u00e9paration du travail sur l\u2019analyse des postes de travail<\/p>\n\n\n\n<p>Observation et analyse d\u2019une situation de travail<\/p>\n\n\n\n<p>Analyse des postes de travail<\/p>\n\n\n\n<p>Identification des d\u00e9terminants<\/p>\n\n\n\n<p>Analyse des d\u00e9terminants<\/p>\n\n\n\n<p>Proposition des pistes d\u2019am\u00e9liorations<\/p>\n\n\n\n<p>Les principes de base d\u2019\u00e9conomie d\u2019effort (exercices pratiques)<\/p>\n\n\n\n<p>Epreuve certificative<\/p>\n\n\n\n<p>Distribution des documents pour \u00e9valuation de la formation (questionnaire de satisfaction et attestation de formation).<\/p>\n\n\n\n<p>Bilan de fin de formation.<\/p>\n\n\n\n<p>Le suivi de la formation aupr\u00e8s de l\u2019entreprise.<\/p>\n\n\n\n<ul>\n<li>Compte rendu \u00e9crit du formateur envoy\u00e9 \u00e0 l\u2019entreprise dans les 15 jours apr\u00e8s la formation.<\/li>\n\n\n\n<li>Suivi 6 mois apr\u00e8s pour faire le point sur l\u2019\u00e9volution des pistes d\u2019am\u00e9liorations.<\/li>\n<\/ul>\n\n\n\n<h2 class=\"wp-block-heading\">Nombre de participants<\/h2>\n\n\n\n<p><strong>Groupe de 10 personnes<\/strong> (volontaires) maximum.<\/p>\n\n\n\n<h2 class=\"wp-block-heading\">Tarif<\/h2>\n\n\n\n<p>En intra :  Nous contacter<\/p>\n\n\n\n<p>En inter :  Nous contacter<\/p>\n\n\n\n<figure class=\"wp-block-table\"><table class=\"has-background\" style=\"background-color:#c5c2c2\"><tbody><tr><td class=\"has-text-align-center\" data-align=\"center\">Taux de satisfaction de la formation<\/td><td>NC<\/td><td class=\"has-text-align-center\" data-align=\"center\">Taux de r\u00e9ussite de la formation<\/td><td>NC<\/td><\/tr><\/tbody><\/table><\/figure>\n\n\n\n<p class=\"has-text-align-center\"><a href=\"https:\/\/rescue-normandie-formation.fr\/?page_id=212\"><strong>Accessibilit\u00e9 pour les personnes en situation de handicap<\/strong><\/a><\/p>\n\n\n\n<p class=\"has-text-align-center\">Vous souhaitez t\u00e9l\u00e9charger le document relatif \u00e0 la formation MAC PRAP IBC ?<\/p>\n\n\n\n<div id=\"wp-block-themeisle-blocks-button-group-7433b40d\" class=\"wp-block-themeisle-blocks-button-group wp-block-buttons align-center-desktop\">\n<div id=\"wp-block-themeisle-blocks-button-a78f3dc6\" class=\"wp-block-themeisle-blocks-button wp-block-button\"><a href=\"https:\/\/rescue-normandie-formation.fr\/wp-content\/uploads\/2021\/12\/PRAP-IBC-MAC.pdf\" target=\"_self\" rel=\"noopener noreferrer\" class=\"wp-block-button__link\"><i class=\"fas fa-fw fa-file-download margin-right\"><\/i><span>T\u00e9l\u00e9charger le programme<\/span><\/a><\/div>\n<\/div>\n\n\n\n<p class=\"has-text-align-center\">R\u00e9f : MACPRAPIBC001 Version : V2 du 10\/05\/2021<\/p>\n\n\n\n<div class=\"wp-block-buttons is-content-justification-center is-layout-flex wp-container-core-buttons-is-layout-1 wp-block-buttons-is-layout-flex\" style=\"font-style:italic;font-weight:700\">\n<div class=\"wp-block-button\"><a class=\"wp-block-button__link wp-element-button\" href=\"https:\/\/rescue-normandie-formation.fr\/#menuFormations\">Voir les autres formations<\/a><\/div>\n<\/div>\n","protected":false},"excerpt":{"rendered":"<p>Maintien et actualisation des comp\u00e9tences d\u2019acteur en pr\u00e9vention des risques li\u00e9s \u00e0 l\u2019activit\u00e9 physique OBJECTIFS DE LA FORMATION Renouveler son certificat d\u2019Acteur PRAP IBC PRE-REQUIS Etre titulaire du certificat d\u2019Acteur PRAP IBC PUBLIC CONCERNE Tout salari\u00e9 du secteur de l&rsquo;industrie, du b\u00e2timent et du commerce. OBJECTIFS PEDAGOGIQUES SOURCES ET MOYENS [&hellip;]<\/p>\n","protected":false},"author":1,"featured_media":0,"parent":0,"menu_order":0,"comment_status":"closed","ping_status":"closed","template":"","meta":{"_themeisle_gutenberg_block_has_review":false,"footnotes":""},"_links":{"self":[{"href":"https:\/\/rescue-normandie-formation.fr\/index.php?rest_route=\/wp\/v2\/pages\/307"}],"collection":[{"href":"https:\/\/rescue-normandie-formation.fr\/index.php?rest_route=\/wp\/v2\/pages"}],"about":[{"href":"https:\/\/rescue-normandie-formation.fr\/index.php?rest_route=\/wp\/v2\/types\/page"}],"author":[{"embeddable":true,"href":"https:\/\/rescue-normandie-formation.fr\/index.php?rest_route=\/wp\/v2\/users\/1"}],"replies":[{"embeddable":true,"href":"https:\/\/rescue-normandie-formation.fr\/index.php?rest_route=%2Fwp%2Fv2%2Fcomments&post=307"}],"version-history":[{"count":15,"href":"https:\/\/rescue-normandie-formation.fr\/index.php?rest_route=\/wp\/v2\/pages\/307\/revisions"}],"predecessor-version":[{"id":992,"href":"https:\/\/rescue-normandie-formation.fr\/index.php?rest_route=\/wp\/v2\/pages\/307\/revisions\/992"}],"wp:attachment":[{"href":"https:\/\/rescue-normandie-formation.fr\/index.php?rest_route=%2Fwp%2Fv2%2Fmedia&parent=307"}],"curies":[{"name":"wp","href":"https:\/\/api.w.org\/{rel}","templated":true}]}}