{"id":336,"date":"2021-05-11T12:59:52","date_gmt":"2021-05-11T10:59:52","guid":{"rendered":"https:\/\/rescue-normandie-formation.fr\/?page_id=336"},"modified":"2024-12-08T11:06:10","modified_gmt":"2024-12-08T10:06:10","slug":"mac-prap-2s-alm","status":"publish","type":"page","link":"https:\/\/rescue-normandie-formation.fr\/?page_id=336","title":{"rendered":"MAC acteur PRAP 2S version ALM"},"content":{"rendered":"\n<p class=\"has-text-align-center\">Maintien et actualisation des comp\u00e9tence d\u2019acteur en Pr\u00e9vention des Risques li\u00e9s \u00e0 l\u2019Activit\u00e9 Physique dans le milieu sanitaire et m\u00e9dico-social, version accompagner la mobilit\u00e9 de la personne aid\u00e9e, en prenant soin de l\u2019autre et de soi<\/p>\n\n\n\n<h2 class=\"wp-block-heading\">Dur\u00e9e&nbsp;: <\/h2>\n\n\n\n<p>2 jours<\/p>\n\n\n\n<p>14 heures en pr\u00e9sentiel (dont 7 heures consacr\u00e9es \u00e0 l&rsquo;ALM)<\/p>\n\n\n\n<h2 class=\"wp-block-heading\">Pr\u00e9requis&nbsp;:<\/h2>\n\n\n\n<p>Personnel du secteur sanitaire et social ayant \u00e9t\u00e9 certifi\u00e9 et titulaire du certificat acteur PRAP 2S version ALM<\/p>\n\n\n\n<h2 class=\"wp-block-heading\">Public&nbsp;:<\/h2>\n\n\n\n<p>Personnel du secteur sanitaire et m\u00e9dico-social<\/p>\n\n\n\n<h2 class=\"wp-block-heading\">Modalit\u00e9 d\u2019organisation&nbsp;:<\/h2>\n\n\n\n<p>10 participants maximum<\/p>\n\n\n\n<h2 class=\"wp-block-heading\">Lieu de la formation&nbsp;:<\/h2>\n\n\n\n<p>En intra<\/p>\n\n\n\n<h2 class=\"wp-block-heading\">Objectifs de la formation&nbsp;: Rappel sur<\/h2>\n\n\n\n<p>\u2981 Se situer en tant qu\u2019acteur de pr\u00e9vention des risques li\u00e9s \u00e0 l\u2019activit\u00e9 physique dans son entreprise ou son \u00e9tablissement<br>\u2981 Observer et Analyser sa situation de travail en s\u2019appuyant sur le fonctionnement du corps humain afin d\u2019identifier les atteintes \u00e0 la sant\u00e9 susceptible d\u2019\u00eatre encourues<br>\u2981 Participer \u00e0 la maitrise du risque dans son entreprise ou son \u00e9tablissement et \u00e0 sa pr\u00e9vention<\/p>\n\n\n\n<h2 class=\"wp-block-heading\">Programme de la formation&nbsp;:<\/h2>\n\n\n\n<p>Retour sur l\u2019exp\u00e9rience des participants en tant qu\u2019acteur PRAP 2S et rappel sur&nbsp;:<br>\u2981 Les risques, les accidents du travail, les maladies professionnelles<br>\u2981 Les atteintes \u00e0 la sant\u00e9 li\u00e9es \u00e0 l\u2019activit\u00e9 physique professionnelle, les enjeux sociaux, \u00e9conomiques et r\u00e8glementaires<br>\u2981 Les statistiques : les accidents du travail et les maladies professionnelles<br>\u2981 Les principes de la pr\u00e9vention des risques<br>\u2981 Les acteurs internes et externes de la pr\u00e9vention<br>\u2981 Notion \u00e9l\u00e9mentaire d\u2019anatomie et de physiologie<br>\u2981 Les gestes et postures dans les postes de travail<br>\u2981 Les \u00e9l\u00e9ments d\u00e9terminants de l\u2019activit\u00e9 physique<br>\u2981 Pr\u00e9paration du travail sur l\u2019analyse des postes de travail.<br>\u2981 Observation et analyse d\u2019une situation de travail<br>\u2981 Identification des gestes et des postures sur les postes du travail<br>\u2981 Identification des d\u00e9terminants<br>\u2981 Analyse des d\u00e9terminants<br>\u2981 Proposition de nouvelles pistes d\u2019am\u00e9lioration<br>\u2981 Les principes de base d\u2019\u00e9conomie d\u2019effort et leurs limites<br>\u2981 L\u2019\u00e9valuation de la personne soign\u00e9e ou aid\u00e9e afin de la faire participer au maximum de ses possibilit\u00e9s<br>\u2981 D\u00e9placements naturels du patient<br>\u2981 Les enjeux de l\u2019accompagnement<br>\u2981 Les aides techniques \u00e0 la manutention au regard des situations d\u2019accompagnement<\/p>\n\n\n\n<h2 class=\"wp-block-heading\">Moyens et m\u00e9thodes p\u00e9dagogiques&nbsp;:<\/h2>\n\n\n\n<p>\u2981 Le formateur s\u2019appuiera sur le retour d\u2019exp\u00e9rience des participants afin de cadrer la formation en fonction des mises \u00e0 jour \u00e0 effectuer et formation \u00e0 dominante pratique<br>\u2981 Des documents supports seront mis \u00e0 disposition des participants pour la r\u00e9alisation des travaux, et une fiche de proposition d\u2019am\u00e9lioration sera r\u00e9alis\u00e9e et remise \u00e0 l\u2019\u00e9quipe du groupe de travail<\/p>\n\n\n\n<h2 class=\"wp-block-heading\">Modalit\u00e9 d\u2019\u00e9valuation&nbsp;et tra\u00e7abilit\u00e9 :<\/h2>\n\n\n\n<p>\u2981 Evaluation p\u00e9dagogique tout au long de la formation en lien avec les objectifs p\u00e9dagogiques<br>\u2981 Attestation de fin de formation&nbsp;: remis au participant<br>\u2981 Questionnaire de satisfaction et d\u2019auto-\u00e9valuation&nbsp;: remis \u00e0 chaque participant<br>\u2981 Feuille d\u2019\u00e9mergement des participants<\/p>\n\n\n\n<h2 class=\"wp-block-heading\">Certification de la formation&nbsp;:<\/h2>\n\n\n\n<p>\u2981 Certification acteur PRAP 2S version ALM sous r\u00e9serve de la validation des comp\u00e9tences lors des \u00e9preuves certificatives d\u2019\u00e9valuation en fin de formation.<br>\u2981 Le certificat acteur PRAP 2S version ALM d\u00e9livr\u00e9 au participant est valable 24 mois, et fait l&rsquo;objet d\u2019un maintien-actualisation des comp\u00e9tences obligatoires \u00ab\u00a0MAC PRAP 2S version ALM\u00a0\u00bb<\/p>\n\n\n\n<h2 class=\"wp-block-heading\">Formateur&nbsp;:<\/h2>\n\n\n\n<p>Formateur PRAP 2S version ALM en ordre de validit\u00e9 certifi\u00e9 par l\u2019INRS<\/p>\n\n\n\n<div class=\"wp-block-group\"><div class=\"wp-block-group__inner-container is-layout-constrained wp-block-group-is-layout-constrained\">\n<h2 class=\"wp-block-heading\">D\u00e9lais et modalit\u00e9s d&rsquo;acc\u00e8s :<\/h2>\n\n\n\n<p>Prendre contact avec notre organisme de formation<\/p>\n\n\n\n<p>Le d\u00e9lai d&rsquo;acc\u00e8s est r\u00e9gi par l&rsquo;agenda de l&rsquo;organisme de formation (entre 2 et 8 semaines \u00e0 r\u00e9ception du devis valid\u00e9)<\/p>\n<\/div><\/div>\n\n\n\n<h2 class=\"wp-block-heading\">Tarifs :<\/h2>\n\n\n\n<p>En intra :  nous contacter<\/p>\n\n\n\n<p>En inter : nous contacter<\/p>\n\n\n\n<div id=\"wp-block-themeisle-blocks-circle-counter-155652d0\" data-percentage=\"95\" data-duration=\"2\" data-height=\"200\" data-stroke-width=\"10\" data-font-size-percent=\"32\" data-progress-stroke=\"#0a6fab\" class=\"wp-block-themeisle-blocks-circle-counter\"><div class=\"wp-block-themeisle-blocks-circle-counter-title__area\"><span class=\"wp-block-themeisle-blocks-circle-counter-title__value\">Taux de satisfaction de la formation<\/span><\/div><div class=\"wp-block-themeisle-blocks-circle-counter__bar\"><\/div><\/div>\n\n\n\n<div id=\"wp-block-themeisle-blocks-circle-counter-b74e425e\" data-percentage=\"100\" data-duration=\"2\" data-height=\"200\" data-stroke-width=\"10\" data-font-size-percent=\"32\" data-progress-stroke=\"#0a6fab\" class=\"wp-block-themeisle-blocks-circle-counter\"><div class=\"wp-block-themeisle-blocks-circle-counter-title__area\"><span class=\"wp-block-themeisle-blocks-circle-counter-title__value\">Taux de r\u00e9ussite de la formation<\/span><\/div><div class=\"wp-block-themeisle-blocks-circle-counter__bar\"><\/div><\/div>\n\n\n\n<p class=\"has-text-align-center\"><em>Indicateurs mis \u00e0 jour le 07\/12\/2024<\/em><\/p>\n\n\n\n<p class=\"has-text-align-center\"><a href=\"https:\/\/rescue-normandie-formation.fr\/?page_id=212\"><strong>Accessibilit\u00e9 pour les personnes en situation de handicap<\/strong><\/a><\/p>\n\n\n\n<p class=\"has-text-align-center\">Vous souhaitez t\u00e9l\u00e9charger le document relatif \u00e0 la formation MAC PRAP 2S version ALM ?<\/p>\n\n\n\n<div id=\"wp-block-themeisle-blocks-button-group-80b123a2\" class=\"wp-block-themeisle-blocks-button-group wp-block-buttons align-center-desktop\">\n<div id=\"wp-block-themeisle-blocks-button-0bdaa968\" class=\"wp-block-themeisle-blocks-button wp-block-button\"><a href=\"https:\/\/rescue-normandie-formation.fr\/wp-content\/uploads\/2021\/12\/MACPRAP-2S-ALM.pdf\" target=\"_self\" rel=\"noopener noreferrer\" class=\"wp-block-button__link\"><i class=\"fas fa-fw fa-file-download margin-right\"><\/i><span>T\u00e9l\u00e9charger le programme<\/span><\/a><\/div>\n<\/div>\n\n\n\n<p class=\"has-text-align-center\">R\u00e9f : MACPRAP2SALM001 Version : V4 du 14\/12\/2021<\/p>\n\n\n\n<div class=\"wp-block-buttons is-content-justification-center is-layout-flex wp-container-core-buttons-is-layout-1 wp-block-buttons-is-layout-flex\" style=\"font-style:italic;font-weight:700\">\n<div class=\"wp-block-button\"><a class=\"wp-block-button__link wp-element-button\" href=\"https:\/\/rescue-normandie-formation.fr\/#menuFormations\">Voir les autres formations<\/a><\/div>\n<\/div>\n","protected":false},"excerpt":{"rendered":"<p>Maintien et actualisation des comp\u00e9tence d\u2019acteur en Pr\u00e9vention des Risques li\u00e9s \u00e0 l\u2019Activit\u00e9 Physique dans le milieu sanitaire et m\u00e9dico-social, version accompagner la mobilit\u00e9 de la personne aid\u00e9e, en prenant soin de l\u2019autre et de soi Dur\u00e9e&nbsp;: 2 jours 14 heures en pr\u00e9sentiel (dont 7 heures consacr\u00e9es \u00e0 l&rsquo;ALM) Pr\u00e9requis&nbsp;: [&hellip;]<\/p>\n","protected":false},"author":1,"featured_media":0,"parent":0,"menu_order":0,"comment_status":"closed","ping_status":"closed","template":"","meta":{"_themeisle_gutenberg_block_has_review":false,"footnotes":""},"_links":{"self":[{"href":"https:\/\/rescue-normandie-formation.fr\/index.php?rest_route=\/wp\/v2\/pages\/336"}],"collection":[{"href":"https:\/\/rescue-normandie-formation.fr\/index.php?rest_route=\/wp\/v2\/pages"}],"about":[{"href":"https:\/\/rescue-normandie-formation.fr\/index.php?rest_route=\/wp\/v2\/types\/page"}],"author":[{"embeddable":true,"href":"https:\/\/rescue-normandie-formation.fr\/index.php?rest_route=\/wp\/v2\/users\/1"}],"replies":[{"embeddable":true,"href":"https:\/\/rescue-normandie-formation.fr\/index.php?rest_route=%2Fwp%2Fv2%2Fcomments&post=336"}],"version-history":[{"count":21,"href":"https:\/\/rescue-normandie-formation.fr\/index.php?rest_route=\/wp\/v2\/pages\/336\/revisions"}],"predecessor-version":[{"id":991,"href":"https:\/\/rescue-normandie-formation.fr\/index.php?rest_route=\/wp\/v2\/pages\/336\/revisions\/991"}],"wp:attachment":[{"href":"https:\/\/rescue-normandie-formation.fr\/index.php?rest_route=%2Fwp%2Fv2%2Fmedia&parent=336"}],"curies":[{"name":"wp","href":"https:\/\/api.w.org\/{rel}","templated":true}]}}