{"id":452,"date":"2021-05-21T16:27:54","date_gmt":"2021-05-21T14:27:54","guid":{"rendered":"https:\/\/rescue-normandie-formation.fr\/?page_id=452"},"modified":"2024-12-07T17:26:47","modified_gmt":"2024-12-07T16:26:47","slug":"gestes-et-postures-manutention-des-personnes-dependantes","status":"publish","type":"page","link":"https:\/\/rescue-normandie-formation.fr\/?page_id=452","title":{"rendered":"Gestes et Postures : Manutention des personnes d\u00e9pendantes"},"content":{"rendered":"\n<p>Cette formation s\u2019adresse \u00e0 tout professionnel ayant \u00e0 manipuler des personnes \u00e0 mobilit\u00e9 r\u00e9duite ou malade dans l\u2019exercice de ses fonctions et ainsi d\u00e9velopper des techniques gestuelles efficaces permettant une manutention s\u00e9curis\u00e9e des personnes en respectant leur int\u00e9grit\u00e9 physique et psychique ainsi qu\u2019en pr\u00e9servant et stimulant leur autonomie<\/p>\n\n\n\n<h2 class=\"wp-block-heading\">Pr\u00e9requis&nbsp;: <\/h2>\n\n\n\n<p>Aucun<\/p>\n\n\n\n<h2 class=\"wp-block-heading\">Objectifs principaux :<\/h2>\n\n\n\n<p>Pr\u00e9venir les risques d\u2019accidents et d\u2019atteintes \u00e0 la sant\u00e9 li\u00e9s \u00e0 certaines situations de travail<br>Acqu\u00e9rir les principes de s\u00e9curit\u00e9 et d\u2019\u00e9conomie d\u2019effort lors des manutentions des personnes d\u00e9pendantes<br>Ma\u00eetriser les techniques de manutention<\/p>\n\n\n\n<p><strong>Objectifs&nbsp;sp\u00e9cifiques:<\/strong><br>Appr\u00e9hender les principales notions d\u2019approche ergonomique<br>\u00catre capable d\u2019ex\u00e9cuter efficacement les gestes de manutention manuelle<br>Etudier et appliquer les principes d\u2019\u00e9conomie d\u2019effort et les principes de base en s\u00e9curit\u00e9 physique, en fonction de la situation et int\u00e9grer les enjeux de la pr\u00e9vention<br>Augmenter sa comp\u00e9tence dans la relation avec la personne d\u00e9pendante<br>Savoir consid\u00e9rer la manutention comme un soin \u00e0 part enti\u00e8re<\/p>\n\n\n\n<h2 class=\"wp-block-heading\">Contenu de formation&nbsp;:<\/h2>\n\n\n\n<p>Rappel d\u2019anatomie et biom\u00e9canique du corps humain<br>Appliquer les principes de base de s\u00e9curit\u00e9 physique, d\u2019\u00e9conomie d\u2019effort<br>Prise en compte des capacit\u00e9s de la personne et de ses limites<br>Application pratique des techniques de manutention et savoir ma\u00eetriser les obstacles objectifs et subjectifs<br>retournements, rehaussements, translations, transferts, relev\u00e9, aide \u00e0 la marche\u2026<br>Les contraintes physiques ou mentales<br>Tour de table orient\u00e9 vers l\u2019expression des besoins et des difficult\u00e9s actuelles de chacun<br>Proposer des am\u00e9liorations pour r\u00e9duire les risques identifi\u00e9s<br>Toutes situations que les participants d\u00e9sireront aborder<\/p>\n\n\n\n<h2 class=\"wp-block-heading\">M\u00e9thodes et moyens p\u00e9dagogiques&nbsp;:<\/h2>\n\n\n\n<p>Interaction permanente entre les participants et la formatrice<br>P\u00e9dagogie par l\u2019action<\/p>\n\n\n\n<h2 class=\"wp-block-heading\">Validation&nbsp;:<\/h2>\n\n\n\n<p>Attestation de formation<\/p>\n\n\n\n<h2 class=\"wp-block-heading\">Intervenant&nbsp;: <\/h2>\n\n\n\n<p>Formatrice PRAP 2S<\/p>\n\n\n\n<h2 class=\"wp-block-heading\">Dur\u00e9e&nbsp;: <\/h2>\n\n\n\n<p>1 jour soit 7 heures en pr\u00e9sentiel<\/p>\n\n\n\n<h2 class=\"wp-block-heading\">Lieu&nbsp;:<\/h2>\n\n\n\n<p>En intra <\/p>\n\n\n\n<div class=\"wp-block-group\"><div class=\"wp-block-group__inner-container is-layout-constrained wp-block-group-is-layout-constrained\">\n<h2 class=\"wp-block-heading\">D\u00e9lais et modalit\u00e9s d&rsquo;acc\u00e8s :<\/h2>\n\n\n\n<p>Prendre contact avec notre organisme de formation<\/p>\n\n\n\n<p>Le d\u00e9lai d&rsquo;acc\u00e8s est r\u00e9gi par l&rsquo;agenda de l&rsquo;organisme de formation (entre 2 et 8 semaines \u00e0 r\u00e9ception du devis valid\u00e9)<\/p>\n<\/div><\/div>\n\n\n\n<h2 class=\"wp-block-heading\">Tarif :<\/h2>\n\n\n\n<p>Tarif intra : Nous contacter<\/p>\n\n\n\n<p>Tarif inter : Nous contacter<\/p>\n\n\n\n<div id=\"wp-block-themeisle-blocks-circle-counter-7a400df1\" data-percentage=\"93\" data-duration=\"2\" data-height=\"200\" data-stroke-width=\"10\" data-font-size-percent=\"30\" data-progress-stroke=\"#018fff\" class=\"wp-block-themeisle-blocks-circle-counter\"><div class=\"wp-block-themeisle-blocks-circle-counter-title__area\"><span class=\"wp-block-themeisle-blocks-circle-counter-title__value\">Taux de satisfaction de la formation<\/span><\/div><div class=\"wp-block-themeisle-blocks-circle-counter__bar\"><\/div><\/div>\n\n\n\n<div id=\"wp-block-themeisle-blocks-circle-counter-f6c85cbb\" data-percentage=\"100\" data-duration=\"2\" data-height=\"200\" data-stroke-width=\"10\" data-font-size-percent=\"30\" data-progress-stroke=\"#018fff\" class=\"wp-block-themeisle-blocks-circle-counter\"><div class=\"wp-block-themeisle-blocks-circle-counter-title__area\"><span class=\"wp-block-themeisle-blocks-circle-counter-title__value\">Taux de r\u00e9ussite de la formation<\/span><\/div><div class=\"wp-block-themeisle-blocks-circle-counter__bar\"><\/div><\/div>\n\n\n\n<p class=\"has-text-align-center\"><a href=\"https:\/\/rescue-normandie-formation.fr\/?page_id=212\"><strong>Accessibilit\u00e9 pour les personnes en situation de handicap<\/strong><\/a><\/p>\n\n\n\n<p class=\"has-text-align-center\">Vous souhaitez t\u00e9l\u00e9charger le document relatif au programme de la formation Gestes et Postures : Manutention des personnes d\u00e9pendantes ?<\/p>\n\n\n\n<div id=\"wp-block-themeisle-blocks-button-group-62202cd1\" class=\"wp-block-themeisle-blocks-button-group wp-block-buttons align-center-desktop\">\n<div id=\"wp-block-themeisle-blocks-button-9937404d\" class=\"wp-block-themeisle-blocks-button wp-block-button\"><a href=\"https:\/\/rescue-normandie-formation.fr\/wp-content\/uploads\/2022\/01\/GPMMPD001-2.pdf\" target=\"_self\" rel=\"noopener noreferrer\" class=\"wp-block-button__link\"><i class=\"fas fa-fw fa-file-download margin-right\"><\/i><span>T\u00e9l\u00e9charger le programme<\/span><\/a><\/div>\n<\/div>\n\n\n\n<p class=\"has-text-align-center\">R\u00e9f : GPMMPD001 Version : V2 du 14\/12\/2021<\/p>\n\n\n\n<div class=\"wp-block-buttons is-content-justification-center is-layout-flex wp-container-core-buttons-is-layout-1 wp-block-buttons-is-layout-flex\" style=\"font-style:italic;font-weight:700\">\n<div class=\"wp-block-button\"><a class=\"wp-block-button__link wp-element-button\" href=\"https:\/\/rescue-normandie-formation.fr\/#menuFormations\">Voir les autres formations<\/a><\/div>\n<\/div>\n","protected":false},"excerpt":{"rendered":"<p>Cette formation s\u2019adresse \u00e0 tout professionnel ayant \u00e0 manipuler des personnes \u00e0 mobilit\u00e9 r\u00e9duite ou malade dans l\u2019exercice de ses fonctions et ainsi d\u00e9velopper des techniques gestuelles efficaces permettant une manutention s\u00e9curis\u00e9e des personnes en respectant leur int\u00e9grit\u00e9 physique et psychique ainsi qu\u2019en pr\u00e9servant et stimulant leur autonomie Pr\u00e9requis&nbsp;: Aucun [&hellip;]<\/p>\n","protected":false},"author":1,"featured_media":0,"parent":0,"menu_order":0,"comment_status":"closed","ping_status":"closed","template":"","meta":{"_themeisle_gutenberg_block_has_review":false,"footnotes":""},"_links":{"self":[{"href":"https:\/\/rescue-normandie-formation.fr\/index.php?rest_route=\/wp\/v2\/pages\/452"}],"collection":[{"href":"https:\/\/rescue-normandie-formation.fr\/index.php?rest_route=\/wp\/v2\/pages"}],"about":[{"href":"https:\/\/rescue-normandie-formation.fr\/index.php?rest_route=\/wp\/v2\/types\/page"}],"author":[{"embeddable":true,"href":"https:\/\/rescue-normandie-formation.fr\/index.php?rest_route=\/wp\/v2\/users\/1"}],"replies":[{"embeddable":true,"href":"https:\/\/rescue-normandie-formation.fr\/index.php?rest_route=%2Fwp%2Fv2%2Fcomments&post=452"}],"version-history":[{"count":16,"href":"https:\/\/rescue-normandie-formation.fr\/index.php?rest_route=\/wp\/v2\/pages\/452\/revisions"}],"predecessor-version":[{"id":982,"href":"https:\/\/rescue-normandie-formation.fr\/index.php?rest_route=\/wp\/v2\/pages\/452\/revisions\/982"}],"wp:attachment":[{"href":"https:\/\/rescue-normandie-formation.fr\/index.php?rest_route=%2Fwp%2Fv2%2Fmedia&parent=452"}],"curies":[{"name":"wp","href":"https:\/\/api.w.org\/{rel}","templated":true}]}}