{"id":483,"date":"2021-05-28T14:16:51","date_gmt":"2021-05-28T12:16:51","guid":{"rendered":"https:\/\/rescue-normandie-formation.fr\/?page_id=483"},"modified":"2023-10-19T17:07:07","modified_gmt":"2023-10-19T15:07:07","slug":"formation-a-lutilisation-dun-defibrillateur","status":"publish","type":"page","link":"https:\/\/rescue-normandie-formation.fr\/?page_id=483","title":{"rendered":"Formation \u00e0 l\u2019utilisation d\u2019un d\u00e9fibrillateur"},"content":{"rendered":"\n<h2 class=\"wp-block-heading\">NATURE DE LA FORMATION ET PUBLIC<\/h2>\n\n\n\n<p>\u2022 Sensibiliser le grand public \u00e0 l\u2019utilisation d\u2019un d\u00e9fibrillateur<\/p>\n\n\n\n<p><strong>\u2022<\/strong> D\u00e9cret du 4 mai 2007, les DAE sont utilisables par les personnes qui ne sont pas professionnel de sant\u00e9 ou des secours, ce qui signifie que tout citoyen peut s\u2019en saisir et le mettre en \u0153uvre face \u00e0 un arr\u00eat cardiaque<\/p>\n\n\n\n<p><strong>\u2022<\/strong> Arr\u00eat\u00e9 du 16 juillet 2010 relatif \u00e0 l\u2019utilisation du grand public \u00e0 la prise en charge de l\u2019arr\u00eat cardiaque et \u00e0 l\u2019utilisation de DAE.<\/p>\n\n\n\n<h2 class=\"wp-block-heading\">PREREQUIS<\/h2>\n\n\n\n<p>Aucun<\/p>\n\n\n\n<h2 class=\"wp-block-heading\">DEFINITION DES OBJECTIFS&nbsp;: \u00catre capable de<\/h2>\n\n\n\n<ul>\n<li>Se prot\u00e9ger, de prot\u00e9ger la victime et les t\u00e9moins&nbsp;: Eviter le suraccident<\/li>\n\n\n\n<li>Savoir alerter les secours d\u2019urgence adapt\u00e9s<\/li>\n\n\n\n<li>Savoir reconna\u00eetre un arr\u00eat cardiaque et r\u00e9aliser une r\u00e9animation cardio-pulmonaire<\/li>\n\n\n\n<li>Savoir poser un d\u00e9fibrillateur<\/li>\n<\/ul>\n\n\n\n<h2 class=\"wp-block-heading\">CONTENU DE LA FORMATION<\/h2>\n\n\n\n<p>Apr\u00e8s la pr\u00e9sentation du formateur et des participants&nbsp;:<\/p>\n\n\n\n<ul>\n<li>Les objectifs de la formation<\/li>\n\n\n\n<li>La chaine de survie<\/li>\n\n\n\n<li>Examen de la victime pour reconna\u00eetre un arr\u00eat cardio-respiratoire.<\/li>\n\n\n\n<li>R\u00e9animation cardio-pulmonaire (RCP).<\/li>\n\n\n\n<li>Les r\u00e8gles d\u2019utilisation d\u2019un d\u00e9fibrillateur<\/li>\n\n\n\n<li>Pratique du massage cardiaque.<\/li>\n\n\n\n<li>Utilisation du DAE<\/li>\n<\/ul>\n\n\n\n<h2 class=\"wp-block-heading\">SOURCES ET MOYENS PEDAGOGIQUES<\/h2>\n\n\n\n<p>L\u2019ensemble du programme de la formation est enseign\u00e9 par vid\u00e9o-projection, puis sous la forme de cas concrets avec manipulation de mannequins et de mat\u00e9riels de simulation et d\u2019apprentissage avec mise en application des gestes<\/p>\n\n\n\n<p>Remise d\u2019un support de formation \u00e0 chaque participant<\/p>\n\n\n\n<h2 class=\"wp-block-heading\">DUREE DE LA FORMATION<\/h2>\n\n\n\n<p>Elle est de 2 heures en pr\u00e9sentiel pour un nombre de 1 \u00e0 10 participants<\/p>\n\n\n\n<h2 class=\"wp-block-heading\">ENCADREMENT DE LA FORMATION<\/h2>\n\n\n\n<p>Formateur SST ou Pompiers<\/p>\n\n\n\n<h2 class=\"wp-block-heading\">SANCTION DE LA FORMATION<\/h2>\n\n\n\n<p>Attestation de formation<\/p>\n\n\n\n<h2 class=\"wp-block-heading\">APPRECIATION DES PARTICIPANTS<\/h2>\n\n\n\n<p>A l\u2019issue de la formation, Rescue Normandie Formation remettra une fiche d\u2019\u00e9valuation \u00e0 chaque participant que celui-ci devra compl\u00e9ter pour y apporter ses remarques \u00e9ventuelles et son appr\u00e9ciation sur l\u2019enseignement dispens\u00e9, les qualit\u00e9s du formateur, les atteintes des objectifs p\u00e9dagogiques, les locaux et le mat\u00e9riel\u2026 Ces informations peuvent \u00eatre utiles pour l\u2019am\u00e9lioration de la qualit\u00e9 des formations ult\u00e9rieures.<\/p>\n\n\n\n<div class=\"wp-block-group\"><div class=\"wp-block-group__inner-container is-layout-constrained wp-block-group-is-layout-constrained\">\n<h2 class=\"wp-block-heading\">D\u00e9lais et modalit\u00e9s d&rsquo;acc\u00e8s :<\/h2>\n\n\n\n<p>Prendre contact avec notre organisme de formation<\/p>\n\n\n\n<p>Le d\u00e9lai d&rsquo;acc\u00e8s est r\u00e9gi par l&rsquo;agenda de l&rsquo;organisme de formation (entre 2 et 8 semaines \u00e0 r\u00e9ception du devis valid\u00e9)<\/p>\n<\/div><\/div>\n\n\n\n<h2 class=\"wp-block-heading\">TARIF<\/h2>\n\n\n\n<p>En Inter : Nous contacter<\/p>\n\n\n\n<p>En Intra :  Nous contacter<\/p>\n\n\n\n<div id=\"wp-block-themeisle-blocks-circle-counter-473bdffe\" data-percentage=\"100\" data-duration=\"2\" data-height=\"200\" data-stroke-width=\"10\" data-font-size-percent=\"30\" data-progress-stroke=\"#ff0000\" class=\"wp-block-themeisle-blocks-circle-counter\"><div class=\"wp-block-themeisle-blocks-circle-counter-title__area\"><span class=\"wp-block-themeisle-blocks-circle-counter-title__value\">Taux de satisfaction de la formation<\/span><\/div><div class=\"wp-block-themeisle-blocks-circle-counter__bar\"><\/div><\/div>\n\n\n\n<div id=\"wp-block-themeisle-blocks-circle-counter-fc9d851f\" data-percentage=\"100\" data-duration=\"2\" data-height=\"200\" data-stroke-width=\"10\" data-font-size-percent=\"30\" data-progress-stroke=\"#ff0000\" class=\"wp-block-themeisle-blocks-circle-counter\"><div class=\"wp-block-themeisle-blocks-circle-counter-title__area\"><span class=\"wp-block-themeisle-blocks-circle-counter-title__value\">Taux de r\u00e9ussite de la formation<\/span><\/div><div class=\"wp-block-themeisle-blocks-circle-counter__bar\"><\/div><\/div>\n\n\n\n<p class=\"has-text-align-center\"><a href=\"https:\/\/rescue-normandie-formation.fr\/?page_id=212\"><strong>Accessibilit\u00e9 pour les personnes en situation de handicap<\/strong><\/a><\/p>\n\n\n\n<p class=\"has-text-align-center\">Vous souhaitez t\u00e9l\u00e9charger le document relatif au programme de la formation li\u00e9e \u00e0 l\u2019utilisation d\u2019un d\u00e9fibrillateur ?<\/p>\n\n\n\n<div id=\"wp-block-themeisle-blocks-button-group-67f2d851\" class=\"wp-block-themeisle-blocks-button-group wp-block-buttons align-center-desktop\">\n<div id=\"wp-block-themeisle-blocks-button-5744f63d\" class=\"wp-block-themeisle-blocks-button wp-block-button\"><a href=\"https:\/\/rescue-normandie-formation.fr\/wp-content\/uploads\/2022\/01\/DEF001-2.pdf\" target=\"_self\" rel=\"noopener noreferrer\" class=\"wp-block-button__link\"><i class=\"fas fa-fw fa-file-download margin-right\"><\/i><span>T\u00e9l\u00e9charger le programme<\/span><\/a><\/div>\n<\/div>\n\n\n\n<p class=\"has-text-align-center\">R\u00e9f : DEF001 Version : V2 du 14\/12\/2021<\/p>\n\n\n\n<div class=\"wp-block-buttons is-content-justification-center is-layout-flex wp-container-core-buttons-is-layout-1 wp-block-buttons-is-layout-flex\" style=\"font-style:italic;font-weight:700\">\n<div class=\"wp-block-button\"><a class=\"wp-block-button__link wp-element-button\" href=\"https:\/\/rescue-normandie-formation.fr\/#menuFormations\">Voir les autres formations<\/a><\/div>\n<\/div>\n","protected":false},"excerpt":{"rendered":"<p>NATURE DE LA FORMATION ET PUBLIC \u2022 Sensibiliser le grand public \u00e0 l\u2019utilisation d\u2019un d\u00e9fibrillateur \u2022 D\u00e9cret du 4 mai 2007, les DAE sont utilisables par les personnes qui ne sont pas professionnel de sant\u00e9 ou des secours, ce qui signifie que tout citoyen peut s\u2019en saisir et le mettre [&hellip;]<\/p>\n","protected":false},"author":1,"featured_media":0,"parent":0,"menu_order":0,"comment_status":"closed","ping_status":"closed","template":"","meta":{"_themeisle_gutenberg_block_has_review":false,"footnotes":""},"_links":{"self":[{"href":"https:\/\/rescue-normandie-formation.fr\/index.php?rest_route=\/wp\/v2\/pages\/483"}],"collection":[{"href":"https:\/\/rescue-normandie-formation.fr\/index.php?rest_route=\/wp\/v2\/pages"}],"about":[{"href":"https:\/\/rescue-normandie-formation.fr\/index.php?rest_route=\/wp\/v2\/types\/page"}],"author":[{"embeddable":true,"href":"https:\/\/rescue-normandie-formation.fr\/index.php?rest_route=\/wp\/v2\/users\/1"}],"replies":[{"embeddable":true,"href":"https:\/\/rescue-normandie-formation.fr\/index.php?rest_route=%2Fwp%2Fv2%2Fcomments&post=483"}],"version-history":[{"count":12,"href":"https:\/\/rescue-normandie-formation.fr\/index.php?rest_route=\/wp\/v2\/pages\/483\/revisions"}],"predecessor-version":[{"id":938,"href":"https:\/\/rescue-normandie-formation.fr\/index.php?rest_route=\/wp\/v2\/pages\/483\/revisions\/938"}],"wp:attachment":[{"href":"https:\/\/rescue-normandie-formation.fr\/index.php?rest_route=%2Fwp%2Fv2%2Fmedia&parent=483"}],"curies":[{"name":"wp","href":"https:\/\/api.w.org\/{rel}","templated":true}]}}