{"id":60,"date":"2021-04-19T18:43:04","date_gmt":"2021-04-19T16:43:04","guid":{"rendered":"http:\/\/rescue-normandie-formation.fr\/?page_id=60"},"modified":"2024-12-08T11:26:07","modified_gmt":"2024-12-08T10:26:07","slug":"qui-sommes-nous","status":"publish","type":"page","link":"https:\/\/rescue-normandie-formation.fr\/?page_id=60","title":{"rendered":"Qui sommes-nous ?"},"content":{"rendered":"\n<div class=\"wp-block-columns is-layout-flex wp-container-core-columns-is-layout-1 wp-block-columns-is-layout-flex\">\n<div class=\"wp-block-column is-layout-flow wp-block-column-is-layout-flow\" style=\"flex-basis:100%\">\n<p class=\"has-text-align-center has-text-color has-link-color wp-elements-8a0a122e0306b1defc4122e5f7010979\" style=\"color:#6b6666\"><strong>Rescue Normandie Formation, votre partenaire en sant\u00e9 et s\u00e9curit\u00e9 au travail, organisme d\u00e9clar\u00e9 aupr\u00e8s de la DREETS (Anciennement Direccte) \/ habilit\u00e9 INRS et r\u00e9f\u00e9renc\u00e9 DATA-Dock \/ certifi\u00e9 Qualiopi<\/strong><\/p>\n\n\n\n<p>Cr\u00e9\u00e9e en 2011, Rescue Normandie Formation est un organisme de formation professionnelle continue dont le si\u00e8ge social est situ\u00e9 \u00e0 Cl\u00e9cy en Basse-Normandie et qui connait un d\u00e9veloppement constant bas\u00e9 sur la satisfaction et la fid\u00e9lit\u00e9 de nos clients<\/p>\n\n\n\n<p>Notre organisme accompagne les salari\u00e9s dans le d\u00e9veloppement de leurs comp\u00e9tences en transmettant des savoirs, savoir-faire et savoir-\u00eatre.<\/p>\n\n\n\n<p class=\"has-text-color has-link-color has-medium-font-size wp-elements-fdc7d11b478e8fa25cf8a2d5e8ad10ee\" style=\"color:#bd2e2e\"><strong>Notre but :<\/strong><\/p>\n\n\n\n<ul>\n<li>Accro\u00eetre le&nbsp;<strong>bien \u00eatre<\/strong>&nbsp;et les&nbsp;<strong>comp\u00e9tences<\/strong>&nbsp;de vos salari\u00e9s<\/li>\n\n\n\n<li><strong>Agir sur les risques d\u2019accidents<\/strong>&nbsp;et de maladies professionnels<\/li>\n\n\n\n<li><strong>R\u00e9duire la p\u00e9nibilit\u00e9<\/strong>&nbsp;des t\u00e2ches<\/li>\n<\/ul>\n\n\n\n<p class=\"has-text-color has-link-color has-medium-font-size wp-elements-feeef4e3889c88fe932db59e35f5226a\" style=\"color:#bd2e2e\"><strong>De bonnes raisons de travailler ensemble :<\/strong><\/p>\n\n\n\n<ul>\n<li>Formations certifiantes,&nbsp;<strong>dynamiques et motivantes (SST&nbsp;\/PRAP\/APS ASD)<\/strong><\/li>\n\n\n\n<li>Formations&nbsp;<strong>adapt\u00e9es \u00e0 vos besoins<\/strong><\/li>\n\n\n\n<li><strong>Suivi de vos MAC (Maintien et actualisation des comp\u00e9tences)<\/strong><\/li>\n\n\n\n<li>Formatrices&nbsp;<strong>certifi\u00e9es par l\u2019INRS<\/strong><\/li>\n\n\n\n<li>Le \u00ab&nbsp;sur mesure&nbsp;\u00bb pour les projets sp\u00e9cifiques<\/li>\n\n\n\n<li>Formations inter et intra<\/li>\n<\/ul>\n<\/div>\n<\/div>\n\n\n\n<p class=\"has-text-color has-link-color has-medium-font-size wp-elements-ee4f733da188597bca662f6848d71d2e\" style=\"color:#bd2e2e;font-style:normal;font-weight:700\"><strong>Notre \u00e9quipe :<\/strong><\/p>\n\n\n\n<div id=\"wp-block-themeisle-blocks-advanced-columns-79a242a1\" class=\"wp-block-themeisle-blocks-advanced-columns has-2-columns has-desktop-equal-layout has-tablet-equal-layout has-mobile-collapsedRows-layout has-vertical-unset\"><div class=\"wp-block-themeisle-blocks-advanced-columns-overlay\"><\/div><div class=\"innerblocks-wrap\">\n<div id=\"wp-block-themeisle-blocks-advanced-column-15af696c\" class=\"wp-block-themeisle-blocks-advanced-column\"><div class=\"wp-block-image\">\n<figure class=\"aligncenter size-full\"><img loading=\"lazy\" decoding=\"async\" width=\"238\" height=\"300\" src=\"https:\/\/rescue-normandie-formation.fr\/wp-content\/uploads\/2021\/05\/0368-taillard-patricia.jpg\" alt=\"\" class=\"wp-image-237\" srcset=\"https:\/\/rescue-normandie-formation.fr\/wp-content\/uploads\/2021\/05\/0368-taillard-patricia.jpg 238w, https:\/\/rescue-normandie-formation.fr\/wp-content\/uploads\/2021\/05\/0368-taillard-patricia-19x24.jpg 19w, https:\/\/rescue-normandie-formation.fr\/wp-content\/uploads\/2021\/05\/0368-taillard-patricia-29x36.jpg 29w, https:\/\/rescue-normandie-formation.fr\/wp-content\/uploads\/2021\/05\/0368-taillard-patricia-38x48.jpg 38w\" sizes=\"(max-width: 238px) 100vw, 238px\" \/><\/figure><\/div>\n\n\n<p class=\"has-text-align-center\"><em>Patricia<\/em><br>Chef d\u2019entreprise<br>R\u00e9f\u00e9rente personne en situation d\u2019handicap (RQTH)<br><strong>Formatrice :<\/strong><br>SST<br>PRAP IBC<br>PRAP2S Version ALM<br>APS ASD Version ALM<\/p>\n<\/div>\n\n\n\n<div id=\"wp-block-themeisle-blocks-advanced-column-5d03bb48\" class=\"wp-block-themeisle-blocks-advanced-column\"><div class=\"wp-block-image\">\n<figure class=\"aligncenter size-full\"><img loading=\"lazy\" decoding=\"async\" width=\"221\" height=\"300\" src=\"https:\/\/rescue-normandie-formation.fr\/wp-content\/uploads\/2021\/05\/0673-lesage-lucie.jpg\" alt=\"\" class=\"wp-image-238\" srcset=\"https:\/\/rescue-normandie-formation.fr\/wp-content\/uploads\/2021\/05\/0673-lesage-lucie.jpg 221w, https:\/\/rescue-normandie-formation.fr\/wp-content\/uploads\/2021\/05\/0673-lesage-lucie-18x24.jpg 18w, https:\/\/rescue-normandie-formation.fr\/wp-content\/uploads\/2021\/05\/0673-lesage-lucie-27x36.jpg 27w, https:\/\/rescue-normandie-formation.fr\/wp-content\/uploads\/2021\/05\/0673-lesage-lucie-35x48.jpg 35w\" sizes=\"(max-width: 221px) 100vw, 221px\" \/><\/figure><\/div>\n\n\n<p class=\"has-text-align-center\"><em>Lucie<\/em><br>Collaboratrice<br><strong>Formatrice :<\/strong><br>Incendie (EPI)<br>SST<br>PRAP IBC<br>PRAP2S Version ALM<br>APS ASD Version ALM<br>Pompier volontaire<\/p>\n<\/div>\n<\/div><\/div>\n\n\n\n<div id=\"wp-block-themeisle-blocks-advanced-columns-d1376179\" class=\"wp-block-themeisle-blocks-advanced-columns has-1-columns has-desktop-equal-layout has-tablet-equal-layout has-mobile-equal-layout has-vertical-unset\"><div class=\"wp-block-themeisle-blocks-advanced-columns-overlay\"><\/div><div class=\"innerblocks-wrap\">\n<div id=\"wp-block-themeisle-blocks-advanced-column-07ccf1b1\" class=\"wp-block-themeisle-blocks-advanced-column\">\n<p class=\"has-text-align-center\"><strong>Autres formateurs intervenants :<\/strong><\/p>\n\n\n\n<div id=\"wp-block-themeisle-blocks-icon-list-b130402d\" class=\"wp-block-themeisle-blocks-icon-list\">\n<div id=\"wp-block-themeisle-blocks-icon-list-item-ec385033\" class=\"wp-block-themeisle-blocks-icon-list-item\"><i class=\"fas fa-check wp-block-themeisle-blocks-icon-list-item-icon\"><\/i><p class=\"wp-block-themeisle-blocks-icon-list-item-content\">COHARD Claire<\/p><\/div>\n\n\n\n<div id=\"wp-block-themeisle-blocks-icon-list-item-6090148f\" class=\"wp-block-themeisle-blocks-icon-list-item\"><i class=\"fas fa-check wp-block-themeisle-blocks-icon-list-item-icon\"><\/i><p class=\"wp-block-themeisle-blocks-icon-list-item-content\">POULET Caroline<\/p><\/div>\n\n\n\n<div id=\"wp-block-themeisle-blocks-icon-list-item-0652d570\" class=\"wp-block-themeisle-blocks-icon-list-item\"><i class=\"fas fa-check wp-block-themeisle-blocks-icon-list-item-icon\"><\/i><p class=\"wp-block-themeisle-blocks-icon-list-item-content\">FATH Olivier<\/p><\/div>\n<\/div>\n<\/div>\n<\/div><\/div>\n\n\n\n<p class=\"has-text-align-center has-medium-font-size\" style=\"font-style:normal;font-weight:700\"><a href=\"https:\/\/rescue-normandie-formation.fr\/wp-content\/uploads\/2024\/12\/Taillard-Patricia-Organigramme-V2-25-08-2024.pdf\">Voir l&rsquo;organigramme de Rescue Normandie Formation<\/a><\/p>\n\n\n\n<div data-wp-interactive=\"core\/file\" class=\"wp-block-file aligncenter\"><object data-wp-bind--hidden=\"!state.hasPdfPreview\"  class=\"wp-block-file__embed\" data=\"https:\/\/rescue-normandie-formation.fr\/wp-content\/uploads\/2024\/12\/Bulletin-Municipal24-format-arial-Version-52-pages-28.pdf\" type=\"application\/pdf\" style=\"width:100%;height:600px\" aria-label=\"Contenu embarqu\u00e9 Source : Bulletin Municipal - Ville de Cl\u00e9cy.\"><\/object><a id=\"wp-block-file--media-803d4b4c-7d3c-4b1c-a6a8-4120eb9be9e0\" href=\"https:\/\/rescue-normandie-formation.fr\/wp-content\/uploads\/2024\/12\/Bulletin-Municipal24-format-arial-Version-52-pages-28.pdf\">Source : Bulletin Municipal &#8211; Ville de Cl\u00e9cy<\/a><a href=\"https:\/\/rescue-normandie-formation.fr\/wp-content\/uploads\/2024\/12\/Bulletin-Municipal24-format-arial-Version-52-pages-28.pdf\" class=\"wp-block-file__button wp-element-button\" download aria-describedby=\"wp-block-file--media-803d4b4c-7d3c-4b1c-a6a8-4120eb9be9e0\">T\u00e9l\u00e9charger<\/a><\/div>\n\n\n\n<p class=\"has-text-align-center\">Taillard Patricia (Rescue Normandie Formation)<br><strong>SIRET <\/strong>: 528 875 586 00018<br>D\u00e9claration d&rsquo;activit\u00e9 enregistr\u00e9e sous le num\u00e9ro <strong>25 14 02 425 14<\/strong> aupr\u00e8s du pr\u00e9fet de Basse-Normandie<br>Cet enregistrement ne vaut pas agr\u00e9ment de l&rsquo;Etat<br>Facturation exon\u00e9r\u00e9e de TVA<br>TVA non applicable <strong>Art.293B<\/strong> du <strong>CGI<\/strong><br>Statut : <strong>Entreprise individuelle<\/strong><br>Dispens\u00e9e d&rsquo;immatriculation au <strong>RCS<\/strong> loi n\u00b02009-1674 du 30\/11\/2009 <strong>Art.67<\/strong><br><br><br><br><br>REF : QSN01 V3 15\/06\/2023<\/p>\n\n\n\n<p class=\"has-text-align-center\"><em>Date de modification :<\/em><\/p>\n\n\n<div class=\"has-text-align-center wp-block-post-date__modified-date wp-block-post-date\"><time datetime=\"2024-12-08T11:26:07+01:00\">8 d\u00e9cembre 2024<\/time><\/div>","protected":false},"excerpt":{"rendered":"<p>Rescue Normandie Formation, votre partenaire en sant\u00e9 et s\u00e9curit\u00e9 au travail, organisme d\u00e9clar\u00e9 aupr\u00e8s de la DREETS (Anciennement Direccte) \/ habilit\u00e9 INRS et r\u00e9f\u00e9renc\u00e9 DATA-Dock \/ certifi\u00e9 Qualiopi Cr\u00e9\u00e9e en 2011, Rescue Normandie Formation est un organisme de formation professionnelle continue dont le si\u00e8ge social est situ\u00e9 \u00e0 Cl\u00e9cy en [&hellip;]<\/p>\n","protected":false},"author":1,"featured_media":0,"parent":0,"menu_order":0,"comment_status":"closed","ping_status":"closed","template":"","meta":{"_themeisle_gutenberg_block_has_review":false,"footnotes":""},"_links":{"self":[{"href":"https:\/\/rescue-normandie-formation.fr\/index.php?rest_route=\/wp\/v2\/pages\/60"}],"collection":[{"href":"https:\/\/rescue-normandie-formation.fr\/index.php?rest_route=\/wp\/v2\/pages"}],"about":[{"href":"https:\/\/rescue-normandie-formation.fr\/index.php?rest_route=\/wp\/v2\/types\/page"}],"author":[{"embeddable":true,"href":"https:\/\/rescue-normandie-formation.fr\/index.php?rest_route=\/wp\/v2\/users\/1"}],"replies":[{"embeddable":true,"href":"https:\/\/rescue-normandie-formation.fr\/index.php?rest_route=%2Fwp%2Fv2%2Fcomments&post=60"}],"version-history":[{"count":37,"href":"https:\/\/rescue-normandie-formation.fr\/index.php?rest_route=\/wp\/v2\/pages\/60\/revisions"}],"predecessor-version":[{"id":1000,"href":"https:\/\/rescue-normandie-formation.fr\/index.php?rest_route=\/wp\/v2\/pages\/60\/revisions\/1000"}],"wp:attachment":[{"href":"https:\/\/rescue-normandie-formation.fr\/index.php?rest_route=%2Fwp%2Fv2%2Fmedia&parent=60"}],"curies":[{"name":"wp","href":"https:\/\/api.w.org\/{rel}","templated":true}]}}